{"id":154,"date":"2015-10-11T14:19:34","date_gmt":"2015-10-11T12:19:34","guid":{"rendered":"http:\/\/test.motronik.com.pl\/?page_id=154"},"modified":"2016-04-18T09:16:29","modified_gmt":"2016-04-18T07:16:29","slug":"insert","status":"publish","type":"page","link":"https:\/\/motronik.com.pl\/index.php\/komputery-i-czesci-komputerowe\/zarzadzanie-firma\/insert\/","title":{"rendered":"Insert"},"content":{"rendered":"<div id=\"contents\" class=\"column\">\n<p><strong>Przedsi\u0119biorstwa poszukuj\u0105ce skutecznych i niezawodnych narz\u0119dzi wspomagaj\u0105cych obs\u0142ug\u0119 sprzeda\u017cy z pewno\u015bci\u0105 znajd\u0105 co\u015b dla siebie w\u015br\u00f3d produkt\u00f3w Insertu. Proponujemy bowiem ca\u0142\u0105 gam\u0119 program\u00f3w, r\u00f3\u017cni\u0105cych si\u0119 zastosowaniem, mo\u017cliwo\u015bciami oraz cen\u0105. Cech\u0105 wsp\u00f3ln\u0105 wszystkich system\u00f3w jest prosta i intuicyjna obs\u0142uga.<\/strong><\/p>\n<p class=\"content\">Oferta firmy <strong class=\"insert\">InsERT<\/strong> obejmuje nast\u0119puj\u0105ce programy wspomagaj\u0105ce prac\u0119 dzia\u0142\u00f3w handlowych i produkcyjnych:<\/p>\n<table class=\"product-boxes\">\n<tbody>\n<tr>\n<td>\n<div class=\"image-container\"><a href=\"https:\/\/www.insert.com.pl\/programy_dla_firm\/sprzedaz\/subiekt_gt_sfera\/opis.html\"><img decoding=\"async\" class=\"news-image\" title=\"\" src=\"https:\/\/www.insert.com.pl\/.grafika\/pudelka\/subiekt_gt_sfera.png\" alt=\"\" \/><\/a><\/div>\n<p><a href=\"https:\/\/www.insert.com.pl\/programy_dla_firm\/sprzedaz\/subiekt_gt_sfera\/opis.html\"><strong class=\"insert-product\">Subiekt GT Sfera<\/strong><\/a><\/p>\n<p class=\"content\">Otwarty system sprzeda\u017cy, gotowy na rozbudow\u0119 o potrzebne firmie rozwi\u0105zania.<\/p>\n<\/td>\n<td>\n<div class=\"image-container\"><a href=\"https:\/\/www.insert.com.pl\/programy_dla_firm\/sprzedaz\/vendero\/opis.html\"><img decoding=\"async\" class=\"news-image\" title=\"\" src=\"https:\/\/www.insert.com.pl\/.grafika\/pudelka\/vendero.png\" alt=\"\" \/><\/a><\/div>\n<p><a href=\"https:\/\/www.insert.com.pl\/programy_dla_firm\/sprzedaz\/vendero\/opis.html\"><strong class=\"insert-product\">vendero<\/strong><\/a><\/p>\n<p class=\"content\">Sklep internetowy, witryna z ofert\u0105, firmowy serwis WWW.<\/p>\n<\/td>\n<td>\n<div class=\"image-container\"><a href=\"https:\/\/www.insert.com.pl\/programy_dla_firm\/sprzedaz\/gestor_nexo\/opis.html\"><img decoding=\"async\" class=\"news-image\" title=\"\" src=\"https:\/\/www.insert.com.pl\/.grafika\/pudelka\/gestor_nexo.png\" alt=\"\" \/><\/a><\/div>\n<p><a href=\"https:\/\/www.insert.com.pl\/programy_dla_firm\/sprzedaz\/gestor_nexo\/opis.html\"><strong class=\"insert-product\">Gestor nexo<\/strong><\/a><\/p>\n<p class=\"content\">Nowoczesny system zarz\u0105dzania relacjami z\u00a0klientami, organizuj\u0105cy prac\u0119 firmy.<\/p>\n<\/td>\n<\/tr>\n<\/tbody>\n<\/table>\n<table class=\"product-boxes\">\n<tbody>\n<tr>\n<td>\n<div class=\"image-container\"><a href=\"https:\/\/www.insert.com.pl\/programy_dla_firm\/sprzedaz\/subiekt_nexo\/opis.html\"><img decoding=\"async\" class=\"news-image\" title=\"\" src=\"https:\/\/www.insert.com.pl\/.grafika\/pudelka\/subiekt_nexo.png\" alt=\"\" \/><\/a><\/div>\n<p><a href=\"https:\/\/www.insert.com.pl\/programy_dla_firm\/sprzedaz\/subiekt_nexo\/opis.html\"><strong class=\"insert-product\">Subiekt nexo<\/strong><\/a><\/p>\n<p class=\"content\">Nowoczesny, intuicyjny system do obs\u0142ugi sprzeda\u017cy i magazyn\u00f3w.<\/p>\n<\/td>\n<td>\n<div class=\"image-container\"><a href=\"https:\/\/www.insert.com.pl\/programy_dla_firm\/sprzedaz\/subiekt_nexo_pro\/opis.html\"><img decoding=\"async\" class=\"news-image\" title=\"\" src=\"https:\/\/www.insert.com.pl\/.grafika\/pudelka\/subiekt_nexo_pro.png\" alt=\"\" \/><\/a><\/div>\n<p><a href=\"https:\/\/www.insert.com.pl\/programy_dla_firm\/sprzedaz\/subiekt_nexo_pro\/opis.html\"><strong class=\"insert-product\">Subiekt nexo PRO<\/strong><\/a><\/p>\n<p class=\"content\">Rozszerzona wersja systemu sprzeda\u017cy wzbogacona o wiele dodatkowych rozwi\u0105za\u0144.<\/p>\n<\/td>\n<td>\n<div class=\"image-container\"><a href=\"https:\/\/www.insert.com.pl\/programy_dla_firm\/sprzedaz\/subiekt_gt\/opis.html\"><img decoding=\"async\" class=\"news-image\" title=\"\" src=\"https:\/\/www.insert.com.pl\/.grafika\/pudelka\/subiekt_gt.png\" alt=\"\" \/><\/a><\/div>\n<p><a href=\"https:\/\/www.insert.com.pl\/programy_dla_firm\/sprzedaz\/subiekt_gt\/opis.html\"><strong class=\"insert-product\">Subiekt GT<\/strong><\/a><\/p>\n<p class=\"content\">Nowoczesny i przyjazny dla u\u017cytkownika system sprzeda\u017cy z obs\u0142ug\u0105 magazyn\u00f3w.<\/p>\n<\/td>\n<\/tr>\n<\/tbody>\n<\/table>\n<table class=\"product-boxes\">\n<tbody>\n<tr>\n<td>\n<div class=\"image-container\"><a href=\"https:\/\/www.insert.com.pl\/programy_dla_firm\/sprzedaz\/gestor_nexo_pro\/opis.html\"><img decoding=\"async\" class=\"news-image\" title=\"\" src=\"https:\/\/www.insert.com.pl\/.grafika\/pudelka\/gestor_nexo_pro.png\" alt=\"\" \/><\/a><\/div>\n<p><a href=\"https:\/\/www.insert.com.pl\/programy_dla_firm\/sprzedaz\/gestor_nexo_pro\/opis.html\"><strong class=\"insert-product\">Gestor nexo PRO<\/strong><\/a><\/p>\n<p class=\"content\">Rozszerzona wersja systemu zarz\u0105dzania relacjami z\u00a0klientami, wzbogacona o wiele dodatkowych rozwi\u0105za\u0144.<\/p>\n<\/td>\n<td>\n<div class=\"image-container\"><a href=\"https:\/\/www.insert.com.pl\/programy_dla_firm\/sprzedaz\/gestor_gt\/opis.html\"><img decoding=\"async\" class=\"news-image\" title=\"\" src=\"https:\/\/www.insert.com.pl\/.grafika\/pudelka\/gestor_gt.png\" alt=\"\" \/><\/a><\/div>\n<p><a href=\"https:\/\/www.insert.com.pl\/programy_dla_firm\/sprzedaz\/gestor_gt\/opis.html\"><strong class=\"insert-product\">Gestor GT<\/strong><\/a><\/p>\n<p class=\"content\">System zarz\u0105dzania relacjami z klientami, wsp\u00f3\u0142pracuj\u0105cy z\u00a0Subiektem GT.<\/p>\n<\/td>\n<td>\n<div class=\"image-container\"><a href=\"https:\/\/www.insert.com.pl\/programy_dla_firm\/sprzedaz\/gestor_gt_sfera\/opis.html\"><img decoding=\"async\" class=\"news-image\" title=\"\" src=\"https:\/\/www.insert.com.pl\/.grafika\/pudelka\/gestor_gt_sfera.png\" alt=\"\" \/><\/a><\/div>\n<p><a href=\"https:\/\/www.insert.com.pl\/programy_dla_firm\/sprzedaz\/gestor_gt_sfera\/opis.html\"><strong class=\"insert-product\">Gestor GT Sfera<\/strong><\/a><\/p>\n<p class=\"content\">Otwarty, gotowy na rozbudow\u0119 system zarz\u0105dzania relacjami z\u00a0klientami.<\/p>\n<\/td>\n<\/tr>\n<\/tbody>\n<\/table>\n<table class=\"product-boxes\">\n<tbody>\n<tr>\n<td>\n<div class=\"image-container\"><a href=\"https:\/\/www.insert.com.pl\/programy_dla_firm\/sprzedaz\/sello\/opis.html\"><img decoding=\"async\" class=\"news-image\" title=\"\" src=\"https:\/\/www.insert.com.pl\/.grafika\/pudelka\/sello.png\" alt=\"\" \/><\/a><\/div>\n<p><a href=\"https:\/\/www.insert.com.pl\/programy_dla_firm\/sprzedaz\/sello\/opis.html\"><strong class=\"insert-product\">Sello<\/strong><\/a><\/p>\n<p class=\"content\">System sprzeda\u017cy w serwisach aukcyjnych, wsp\u00f3\u0142pracuj\u0105cy z\u00a0Subiektem GT\/nexo.<\/p>\n<\/td>\n<td>\n<div class=\"image-container\"><a href=\"https:\/\/www.insert.com.pl\/programy_dla_firm\/sprzedaz\/subiekt_sprint\/opis.html\"><img decoding=\"async\" class=\"news-image\" title=\"\" src=\"https:\/\/www.insert.com.pl\/.grafika\/pudelka\/subiekt_sprint_2.png\" alt=\"\" \/><\/a><\/div>\n<p><a href=\"https:\/\/www.insert.com.pl\/programy_dla_firm\/sprzedaz\/subiekt_sprint\/opis.html\"><strong class=\"insert-product\">Subiekt Sprint 2<\/strong><\/a><\/p>\n<p class=\"content\">System szybkiej sprzeda\u017cy detalicznej, \u015bci\u015ble zintegrowany z\u00a0Subiektem\u00a0GT\/nexo.<\/p>\n<\/td>\n<td>\n<div class=\"image-container\"><a href=\"https:\/\/www.insert.com.pl\/programy_dla_firm\/sprzedaz\/mobilny_subiekt\/opis.html\"><img decoding=\"async\" class=\"news-image\" title=\"\" src=\"https:\/\/www.insert.com.pl\/.grafika\/pudelka\/mobilny_subiekt.png\" alt=\"\" \/><\/a><\/div>\n<p><a href=\"https:\/\/www.insert.com.pl\/programy_dla_firm\/sprzedaz\/mobilny_subiekt\/opis.html\"><strong class=\"insert-product\">mobilny Subiekt<\/strong><\/a><\/p>\n<p class=\"content\">System sprzeda\u017cy mobilnej, \u015bci\u015ble zintegrowany z\u00a0Subiektem GT.<\/p>\n<\/td>\n<\/tr>\n<\/tbody>\n<\/table>\n<table class=\"product-boxes\">\n<tbody>\n<tr>\n<td>\n<div class=\"image-container\"><a href=\"https:\/\/www.insert.com.pl\/programy_dla_firm\/sprzedaz\/oscgt\/opis.html\"><img decoding=\"async\" class=\"news-image\" title=\"\" src=\"https:\/\/www.insert.com.pl\/.grafika\/pudelka\/oscgt.png\" alt=\"\" \/><\/a><\/div>\n<p><strong class=\"insert-product\"><a href=\"https:\/\/www.insert.com.pl\/programy_dla_firm\/sprzedaz\/oscgt\/opis.html\">!oscGT<\/a><\/strong><\/p>\n<p class=\"content\">\u0141atwe w u\u017cyciu narz\u0119dzie zapewniaj\u0105ce wsp\u00f3\u0142prac\u0119 pomi\u0119dzy Subiektem GT a\u00a0sklepem internetowym.<\/p>\n<\/td>\n<td>\n<div class=\"image-container\"><a href=\"https:\/\/www.insert.com.pl\/programy_dla_firm\/sprzedaz\/mikrosubiekt_dla_windows\/opis.html\"><img decoding=\"async\" class=\"news-image\" title=\"\" src=\"https:\/\/www.insert.com.pl\/.grafika\/pudelka\/mikrosubiekt_dla_windows.png\" alt=\"\" \/><\/a><\/div>\n<p><a href=\"https:\/\/www.insert.com.pl\/programy_dla_firm\/sprzedaz\/mikrosubiekt_dla_windows\/opis.html\"><strong class=\"insert-product\">mikroSubiekt dla Windows<\/strong><\/a><\/p>\n<p class=\"content\">Prosty i wygodny system do ewidencjonowania sprzeda\u017cy.<\/p>\n<\/td>\n<\/tr>\n<\/tbody>\n<\/table>\n<\/div>\n","protected":false},"excerpt":{"rendered":"<p>Przedsi\u0119biorstwa poszukuj\u0105ce skutecznych i niezawodnych narz\u0119dzi wspomagaj\u0105cych obs\u0142ug\u0119 sprzeda\u017cy z pewno\u015bci\u0105 znajd\u0105 co\u015b dla siebie w\u015br\u00f3d produkt\u00f3w Insertu. Proponujemy bowiem ca\u0142\u0105 gam\u0119 program\u00f3w, r\u00f3\u017cni\u0105cych si\u0119 zastosowaniem, mo\u017cliwo\u015bciami oraz cen\u0105. Cech\u0105 wsp\u00f3ln\u0105 wszystkich system\u00f3w jest prosta i intuicyjna obs\u0142uga. Oferta firmy <a class=\"more-link\" href=\"https:\/\/motronik.com.pl\/index.php\/komputery-i-czesci-komputerowe\/zarzadzanie-firma\/insert\/\">Czytaj wi\u0119cej&#8230;<\/a><\/p>\n","protected":false},"author":1,"featured_media":0,"parent":207,"menu_order":0,"comment_status":"closed","ping_status":"closed","template":"","meta":{"footnotes":""},"class_list":["post-154","page","type-page","status-publish","hentry"],"_links":{"self":[{"href":"https:\/\/motronik.com.pl\/index.php\/wp-json\/wp\/v2\/pages\/154","targetHints":{"allow":["GET"]}}],"collection":[{"href":"https:\/\/motronik.com.pl\/index.php\/wp-json\/wp\/v2\/pages"}],"about":[{"href":"https:\/\/motronik.com.pl\/index.php\/wp-json\/wp\/v2\/types\/page"}],"author":[{"embeddable":true,"href":"https:\/\/motronik.com.pl\/index.php\/wp-json\/wp\/v2\/users\/1"}],"replies":[{"embeddable":true,"href":"https:\/\/motronik.com.pl\/index.php\/wp-json\/wp\/v2\/comments?post=154"}],"version-history":[{"count":14,"href":"https:\/\/motronik.com.pl\/index.php\/wp-json\/wp\/v2\/pages\/154\/revisions"}],"predecessor-version":[{"id":181,"href":"https:\/\/motronik.com.pl\/index.php\/wp-json\/wp\/v2\/pages\/154\/revisions\/181"}],"up":[{"embeddable":true,"href":"https:\/\/motronik.com.pl\/index.php\/wp-json\/wp\/v2\/pages\/207"}],"wp:attachment":[{"href":"https:\/\/motronik.com.pl\/index.php\/wp-json\/wp\/v2\/media?parent=154"}],"curies":[{"name":"wp","href":"https:\/\/api.w.org\/{rel}","templated":true}]}}