{"id":159,"date":"2015-10-11T18:10:54","date_gmt":"2015-10-11T16:10:54","guid":{"rendered":"http:\/\/test.motronik.com.pl\/?page_id=159"},"modified":"2016-04-09T21:06:15","modified_gmt":"2016-04-09T19:06:15","slug":"terminal-fiskalny","status":"publish","type":"page","link":"https:\/\/motronik.com.pl\/index.php\/urzadzenia-fiskalne-2\/terminal-fiskalny\/","title":{"rendered":"Terminal fiskalny"},"content":{"rendered":"<p><a href=\"http:\/\/www.posnet.com.pl\/Produkty-POSNET\/Urzadzenia-fiskalne\/Terminale-fiskalne\/(c5998)\/1\" target=\"_blank\"><img loading=\"lazy\" decoding=\"async\" class=\"alignnone wp-image-160 size-full\" title=\"Telminal fiskalny\" src=\"http:\/\/test.motronik.com.pl\/wp-content\/uploads\/2015\/10\/110x130xTerminal-fiskalny-Thermal-HD-3217_posnet_190x130.png.pagespeed.ic_.ZfYf8MxLyl.png\" alt=\"110x130xTerminal-fiskalny-Thermal-HD-3217_posnet_190x130.png.pagespeed.ic.ZfYf8MxLyl\" width=\"110\" height=\"130\" srcset=\"https:\/\/motronik.com.pl\/wp-content\/uploads\/2015\/10\/110x130xTerminal-fiskalny-Thermal-HD-3217_posnet_190x130.png.pagespeed.ic_.ZfYf8MxLyl.png 110w, https:\/\/motronik.com.pl\/wp-content\/uploads\/2015\/10\/110x130xTerminal-fiskalny-Thermal-HD-3217_posnet_190x130.png.pagespeed.ic_.ZfYf8MxLyl-26x31.png 26w, https:\/\/motronik.com.pl\/wp-content\/uploads\/2015\/10\/110x130xTerminal-fiskalny-Thermal-HD-3217_posnet_190x130.png.pagespeed.ic_.ZfYf8MxLyl-32x38.png 32w\" sizes=\"auto, (max-width: 110px) 100vw, 110px\" \/><\/a><\/p>\n<p>Terminal fiskalny POSNET to dwa urz\u0105dzenia w jednym. Komputer i drukarka fiskalna w jednej obudowie pozwalaj\u0105 oszcz\u0119dza\u0107 miejsce zachowuj\u0105c du\u017c\u0105 funkcjonalno\u015b\u0107.<\/p>\n","protected":false},"excerpt":{"rendered":"<p>Terminal fiskalny POSNET to dwa urz\u0105dzenia w jednym. Komputer i drukarka fiskalna w jednej obudowie pozwalaj\u0105 oszcz\u0119dza\u0107 miejsce zachowuj\u0105c du\u017c\u0105 funkcjonalno\u015b\u0107.<\/p>\n","protected":false},"author":1,"featured_media":0,"parent":76,"menu_order":8,"comment_status":"closed","ping_status":"closed","template":"","meta":{"footnotes":""},"class_list":["post-159","page","type-page","status-publish","hentry"],"_links":{"self":[{"href":"https:\/\/motronik.com.pl\/index.php\/wp-json\/wp\/v2\/pages\/159","targetHints":{"allow":["GET"]}}],"collection":[{"href":"https:\/\/motronik.com.pl\/index.php\/wp-json\/wp\/v2\/pages"}],"about":[{"href":"https:\/\/motronik.com.pl\/index.php\/wp-json\/wp\/v2\/types\/page"}],"author":[{"embeddable":true,"href":"https:\/\/motronik.com.pl\/index.php\/wp-json\/wp\/v2\/users\/1"}],"replies":[{"embeddable":true,"href":"https:\/\/motronik.com.pl\/index.php\/wp-json\/wp\/v2\/comments?post=159"}],"version-history":[{"count":4,"href":"https:\/\/motronik.com.pl\/index.php\/wp-json\/wp\/v2\/pages\/159\/revisions"}],"predecessor-version":[{"id":541,"href":"https:\/\/motronik.com.pl\/index.php\/wp-json\/wp\/v2\/pages\/159\/revisions\/541"}],"up":[{"embeddable":true,"href":"https:\/\/motronik.com.pl\/index.php\/wp-json\/wp\/v2\/pages\/76"}],"wp:attachment":[{"href":"https:\/\/motronik.com.pl\/index.php\/wp-json\/wp\/v2\/media?parent=159"}],"curies":[{"name":"wp","href":"https:\/\/api.w.org\/{rel}","templated":true}]}}