{"id":162,"date":"2015-10-11T18:30:41","date_gmt":"2015-10-11T16:30:41","guid":{"rendered":"http:\/\/test.motronik.com.pl\/?page_id=162"},"modified":"2016-12-07T13:34:07","modified_gmt":"2016-12-07T12:34:07","slug":"162-2","status":"publish","type":"page","link":"https:\/\/motronik.com.pl\/index.php\/urzadzenia-fiskalne\/162-2\/","title":{"rendered":"Nowe spojrzenie na kamer\u0119"},"content":{"rendered":"<p><span class=\"biorko\"><a href=\"http:\/\/motronik.com.pl\/wp-content\/uploads\/2015\/10\/kamera-e1444581758975.png\"><img loading=\"lazy\" decoding=\"async\" class=\"size-full wp-image-165 alignleft\" src=\"http:\/\/motronik.com.pl\/wp-content\/uploads\/2015\/10\/kamera-e1444581758975.png\" alt=\"kamera\" width=\"100\" height=\"128\" srcset=\"https:\/\/motronik.com.pl\/wp-content\/uploads\/2015\/10\/kamera-e1444581758975.png 100w, https:\/\/motronik.com.pl\/wp-content\/uploads\/2015\/10\/kamera-e1444581758975-24x31.png 24w, https:\/\/motronik.com.pl\/wp-content\/uploads\/2015\/10\/kamera-e1444581758975-30x38.png 30w\" sizes=\"auto, (max-width: 100px) 100vw, 100px\" \/><\/a><\/span><\/p>\n<p><span class=\"biorko\">Eurometer WiFi CAM HD to idealna kamera<\/span><\/p>\n<p><span class=\"biorko\">dla Twojego domu lub pracy. Pozwala na<\/span><\/p>\n<p><span class=\"biorko\">szybk\u0105 i skuteczn\u0105 obserwacj\u0119 wybranych<\/span><\/p>\n<p><span class=\"biorko\">obszar\u00f3w z dowolnego miejsca i bez zb\u0119dnego<\/span><\/p>\n<p><span class=\"biorko\">wysi\u0142ku. Kompaktowe rozmiary i nowoczesny<\/span><\/p>\n<p><span class=\"biorko\">design sprawiaj\u0105, \u017ce pasuje zar\u00f3wno do<\/span><\/p>\n<p><span class=\"biorko\">nowoczesnego mieszkania jak<br \/>\n<\/span><\/p>\n<p><span class=\"biorko\">i funkcjonalnego biura.<\/span><\/p>\n<p><a href=\"http:\/\/eurometer.pl\" target=\"_blank\">Przeczytaj o zaletach kamer Eurometer<\/a><\/p>\n","protected":false},"excerpt":{"rendered":"<p>Eurometer WiFi CAM HD to idealna kamera dla Twojego domu lub pracy. Pozwala na szybk\u0105 i skuteczn\u0105 obserwacj\u0119 wybranych obszar\u00f3w z dowolnego miejsca i bez zb\u0119dnego wysi\u0142ku. Kompaktowe rozmiary i nowoczesny design sprawiaj\u0105, \u017ce pasuje zar\u00f3wno do nowoczesnego mieszkania jak <a class=\"more-link\" href=\"https:\/\/motronik.com.pl\/index.php\/urzadzenia-fiskalne\/162-2\/\">Czytaj wi\u0119cej&#8230;<\/a><\/p>\n","protected":false},"author":1,"featured_media":0,"parent":77,"menu_order":3,"comment_status":"closed","ping_status":"closed","template":"","meta":{"footnotes":""},"class_list":["post-162","page","type-page","status-publish","hentry"],"_links":{"self":[{"href":"https:\/\/motronik.com.pl\/index.php\/wp-json\/wp\/v2\/pages\/162","targetHints":{"allow":["GET"]}}],"collection":[{"href":"https:\/\/motronik.com.pl\/index.php\/wp-json\/wp\/v2\/pages"}],"about":[{"href":"https:\/\/motronik.com.pl\/index.php\/wp-json\/wp\/v2\/types\/page"}],"author":[{"embeddable":true,"href":"https:\/\/motronik.com.pl\/index.php\/wp-json\/wp\/v2\/users\/1"}],"replies":[{"embeddable":true,"href":"https:\/\/motronik.com.pl\/index.php\/wp-json\/wp\/v2\/comments?post=162"}],"version-history":[{"count":9,"href":"https:\/\/motronik.com.pl\/index.php\/wp-json\/wp\/v2\/pages\/162\/revisions"}],"predecessor-version":[{"id":646,"href":"https:\/\/motronik.com.pl\/index.php\/wp-json\/wp\/v2\/pages\/162\/revisions\/646"}],"up":[{"embeddable":true,"href":"https:\/\/motronik.com.pl\/index.php\/wp-json\/wp\/v2\/pages\/77"}],"wp:attachment":[{"href":"https:\/\/motronik.com.pl\/index.php\/wp-json\/wp\/v2\/media?parent=162"}],"curies":[{"name":"wp","href":"https:\/\/api.w.org\/{rel}","templated":true}]}}