{"id":184,"date":"2015-10-12T19:49:04","date_gmt":"2015-10-12T17:49:04","guid":{"rendered":"http:\/\/test.motronik.com.pl\/?page_id=184"},"modified":"2015-10-14T11:00:53","modified_gmt":"2015-10-14T09:00:53","slug":"comarch","status":"publish","type":"page","link":"https:\/\/motronik.com.pl\/index.php\/komputery-i-czesci-komputerowe\/zarzadzanie-firma\/comarch\/","title":{"rendered":"Comarch"},"content":{"rendered":"<h4>Comarch ERP Optima<\/h4>\n<p><img loading=\"lazy\" decoding=\"async\" class=\"alignnone\" src=\"http:\/\/www.comarch.pl\/files-pl\/miniatures\/file_46\/comarch-erp-optima.500x330.e08cdadb.jpg\" alt=\"\" width=\"280\" height=\"168\" \/><\/p>\n<p>Comarch ERP Optima to najpopularniejszy w Polsce program stworzony dla ma\u0142ych i \u015brednich firm z ka\u017cdej bran\u017cy. Dzi\u0119ki wbudowanym rozwi\u0105zaniom jest najch\u0119tniej wybieranym oprogramowaniem w\u015br\u00f3d biur rachunkowych i doradc\u00f3w podatkowych. Zaufa\u0142o nam ju\u017c ponad 60 000 Klient\u00f3w.<\/p>\n<p>System Comarch ERP Optima jest dost\u0119pny w modelu stacjonarnym oraz w modelu us\u0142ugowym, dzi\u0119ki czemu u\u017cytkownicy mog\u0105 kompleksowo zarz\u0105dza\u0107 procesami w firmie przez Internet.<\/p>\n<p>Klient za sta\u0142\u0105 miesi\u0119czn\u0105 op\u0142at\u0119 abonamentow\u0105 otrzymuje dost\u0119p do oprogramowania wspieraj\u0105cego zarz\u0105dzanie online firm\u0105 poprzez przegl\u0105dark\u0119 internetow\u0105.<\/p>\n","protected":false},"excerpt":{"rendered":"<p>Comarch ERP Optima Comarch ERP Optima to najpopularniejszy w Polsce program stworzony dla ma\u0142ych i \u015brednich firm z ka\u017cdej bran\u017cy. Dzi\u0119ki wbudowanym rozwi\u0105zaniom jest najch\u0119tniej wybieranym oprogramowaniem w\u015br\u00f3d biur rachunkowych i doradc\u00f3w podatkowych. Zaufa\u0142o nam ju\u017c ponad 60 000 Klient\u00f3w. <a class=\"more-link\" href=\"https:\/\/motronik.com.pl\/index.php\/komputery-i-czesci-komputerowe\/zarzadzanie-firma\/comarch\/\">Czytaj wi\u0119cej&#8230;<\/a><\/p>\n","protected":false},"author":1,"featured_media":0,"parent":207,"menu_order":2,"comment_status":"closed","ping_status":"closed","template":"","meta":{"footnotes":""},"class_list":["post-184","page","type-page","status-publish","hentry"],"_links":{"self":[{"href":"https:\/\/motronik.com.pl\/index.php\/wp-json\/wp\/v2\/pages\/184","targetHints":{"allow":["GET"]}}],"collection":[{"href":"https:\/\/motronik.com.pl\/index.php\/wp-json\/wp\/v2\/pages"}],"about":[{"href":"https:\/\/motronik.com.pl\/index.php\/wp-json\/wp\/v2\/types\/page"}],"author":[{"embeddable":true,"href":"https:\/\/motronik.com.pl\/index.php\/wp-json\/wp\/v2\/users\/1"}],"replies":[{"embeddable":true,"href":"https:\/\/motronik.com.pl\/index.php\/wp-json\/wp\/v2\/comments?post=184"}],"version-history":[{"count":4,"href":"https:\/\/motronik.com.pl\/index.php\/wp-json\/wp\/v2\/pages\/184\/revisions"}],"predecessor-version":[{"id":240,"href":"https:\/\/motronik.com.pl\/index.php\/wp-json\/wp\/v2\/pages\/184\/revisions\/240"}],"up":[{"embeddable":true,"href":"https:\/\/motronik.com.pl\/index.php\/wp-json\/wp\/v2\/pages\/207"}],"wp:attachment":[{"href":"https:\/\/motronik.com.pl\/index.php\/wp-json\/wp\/v2\/media?parent=184"}],"curies":[{"name":"wp","href":"https:\/\/api.w.org\/{rel}","templated":true}]}}