{"id":221,"date":"2015-10-13T21:05:20","date_gmt":"2015-10-13T19:05:20","guid":{"rendered":"http:\/\/test.motronik.com.pl\/?page_id=221"},"modified":"2015-10-14T11:26:28","modified_gmt":"2015-10-14T09:26:28","slug":"pc-gastronom","status":"publish","type":"page","link":"https:\/\/motronik.com.pl\/index.php\/komputery-i-czesci-komputerowe\/dla-gastronomii\/pc-gastronom\/","title":{"rendered":"PC Gastronom"},"content":{"rendered":"<h5>Program dla gastronomii &#8211; PC-Gastronom<\/h5>\n<p><b><span style=\"font-family: Verdana; font-size: small;\">PC-Gastronom <\/span><\/b><span style=\"font-family: Verdana; font-size: small;\">\u2013 to program dla bran\u017cy gastronomicznej<\/span><br \/>\n<b><span style=\"font-family: Verdana; font-size: small;\">PC-Gastronom <\/span><\/b><span style=\"font-family: Verdana; font-size: small;\">\u2013 to intuicyjny i prosty w obs\u0142udze interfejs kasjera i kelnera<\/span><br \/>\n<b><span style=\"font-family: Verdana; font-size: small;\">PC-Gastronom <\/span><\/b><span style=\"font-family: Verdana; font-size: small;\">\u2013 we wsp\u00f3\u0142pracy z programem PC-Market 7 i Konsola Kupca jest kompleksowym systemem do zarz\u0105dzania restauracj\u0105 i sieci\u0105 plac\u00f3wek gastronomicznych<\/span><\/p>\n<div align=\"center\"><img loading=\"lazy\" decoding=\"async\" src=\"http:\/\/insoft.com.pl\/Publik.nsf\/PC-Gastronom_400x300_pudelko.jpg?OpenImageResource\" alt=\"PC-Gastronom - program dla gastronomii\" width=\"300\" height=\"400\" \/><\/div>\n<p><b><span style=\"font-family: Verdana; font-size: small;\">PC-Gastronom &#8211; <\/span><\/b><span style=\"font-family: Verdana; font-size: small;\">mo\u017ce pracowa\u0107 na samodzielnej kasie jak r\u00f3wnie\u017c w sieciowym systemie kas <\/span><\/p>\n<p><b><span style=\"font-family: Verdana; font-size: small;\">PC-Gastronom <\/span><\/b><span style=\"font-family: Verdana; font-size: small;\">&#8211; jest przystosowany do obs\u0142ugi ekran\u00f3w dotykowych. Mo\u017cesz tak\u017ce pracowa\u0107 ze zwyk\u0142ym monitorem &#8211; dzi\u0119ki zastosowaniu klawiatury zwyk\u0142ej lub programowalnej, potrzebne funkcje przypiszesz wybranym klawiszom <\/span><\/p>\n<p><b><span style=\"font-family: Verdana; font-size: small;\">Przejrzysty i prosty interfejs <\/span><\/b><span style=\"font-family: Verdana; font-size: small;\">&#8211; sprawi, \u017ce kelner szybko nauczy si\u0119 wydajnie obs\u0142ugiwa\u0107 klient\u00f3w z u\u017cyciem PC-Gastronom.<\/span><\/p>\n<p><b><span style=\"font-family: Verdana; font-size: small;\">Panele szybkiej sprzeda\u017cy &#8211; <\/span><\/b><span style=\"font-family: Verdana; font-size: small;\">znacznie przyspiesz\u0105 wyb\u00f3r towar\u00f3w, pozwol\u0105 b\u0142yskawiczne dotrze\u0107 do wybranej grupy produkt\u00f3w. <\/span><\/p>\n<p><b><span style=\"font-family: Verdana; font-size: small;\">Drukarka kuchenna i Ekran kuchenny <\/span><\/b><span style=\"font-family: Verdana; font-size: small;\">&#8211; zapewni\u0105, \u017ce zam\u00f3wienia b\u0142yskawicznie trafi\u0105 do kuchni<\/span><\/p>\n<p><b><span style=\"font-family: Verdana; font-size: small;\">Dostosujesz program do swoich potrzeb <\/span><\/b><span style=\"font-family: Verdana; font-size: small;\">&#8211; zale\u017cnie od wymaga\u0144, mo\u017cesz optymalnie skonfigurowa\u0107 wygl\u0105d i funkcjonalno\u015b\u0107 okna kasjera i kelnera<\/span><\/p>\n<p><b><span style=\"font-family: Verdana; font-size: small;\">Uzyskasz kontrol\u0119 nad prac\u0105 kelner\u00f3w <\/span><\/b><span style=\"font-family: Verdana; font-size: small;\">&#8211; w systemie PC-Market 7 w czasie rzeczywistym przegl\u0105dniesz transakcje kelnera oraz sprawdzisz, jakie ma obroty, ilu obs\u0142u\u017cy\u0142 klient\u00f3w, ile got\u00f3wki powinien mie\u0107 w kasetce, ile potwierdze\u0144 zap\u0142aty kartami, ile bon\u00f3w, ile stornowanych pozycji i ile anulowanych paragon\u00f3w<\/span><br \/>\n<b><span style=\"font-family: Verdana; font-size: small;\"><br \/>\nPraca wielu kelner\u00f3w i barman\u00f3w w jednym \u015brodowisku <\/span><\/b><span style=\"font-family: Verdana; font-size: small;\"> &#8211; w systemie mo\u017ce pracowa\u0107 wielu kasjer\u00f3w, a ka\u017cdy z nich mo\u017ce mie\u0107 otwarte po kilka rachunk\u00f3w jednocze\u015bnie. Kelnerzy mog\u0105 przemieszcza\u0107 si\u0119 pomi\u0119dzy kasami \u2013 system zapami\u0119ta kasjera i przy rozliczeniu przypisze mu tylko jego transakcje. Kelner nie wybierze paragonu kolegi gdy\u017c u\u017cytkownik po zalogowaniu widzi tylko swoje paragony<\/span><\/p>\n<p><b><span style=\"font-family: Verdana; font-size: small;\">Zablokujesz kas\u0119 w czasie, gdy nie jest u\u017cytkowana <\/span><\/b><span style=\"font-family: Verdana; font-size: small;\">&#8211; mo\u017cesz by\u0107 pewny, \u017ce nikt niepowo\u0142any nie uzyska dost\u0119pu do stanowiska kasowego dzi\u0119ki mechanizmowi blokady sesji<\/span><\/p>\n<p><b><span style=\"font-family: Verdana; font-size: small;\">PC-Gastronom \u2013 to wsp\u00f3\u0142praca z urz\u0105dzeniami niezb\u0119dnymi w punktach gastronomicznych i restauracjach<\/span><\/b><span style=\"font-family: Verdana; font-size: small;\">: drukarki fiskalne, terminale p\u0142atnicze, wy\u015bwietlacze dla klient\u00f3w, drukarki kuchenne, drukarki bon\u00f3w, wagi, klawiatury programowalne, czytniki kart magnetycznych, elektronicznych i pinpad\u00f3w, systemy monitoringu. Razem ponad 150 typ\u00f3w specjalizowanych urz\u0105dze\u0144!<\/span><\/p>\n<p><img loading=\"lazy\" decoding=\"async\" src=\"http:\/\/insoft.com.pl\/Publik.nsf\/0\/93c2d30b0a50aae9c12579ba0050aec5\/Body\/9.3212?OpenElement&amp;FieldElemFormat=gif\" alt=\"PC-Gastro - program dla gastronomii\" width=\"438\" height=\"103\" \/><\/p>\n<p><b><span style=\"font-family: Verdana; font-size: small;\">PC-Gastronom<\/span><\/b><span style=\"font-family: Verdana; font-size: small;\"> &#8211; pracuje w \u015brodowisku MS Windows\u00ae oraz Linux.<\/span><\/p>\n<p><b><span style=\"font-family: Verdana; font-size: small;\">PC-Gastronom \u2013 to wsp\u00f3\u0142praca z urz\u0105dzeniami niezb\u0119dnymi w punktach gastronomicznych i restauracjach. <\/span><\/b><\/p>\n<p><b><span style=\"font-family: Verdana; font-size: small;\">Wsp\u00f3\u0142praca z drukarkami fiskalnymi polskich producent\u00f3w:<\/span><\/b><br \/>\n<span style=\"font-family: Verdana; font-size: small;\">&#8211; Novitus, Elzab, Posnet, Emar, Torell, UPOS, Innova.<\/span><\/p>\n<p><b><span style=\"font-family: Verdana; font-size: small;\">Wsp\u00f3\u0142praca z terminalami p\u0142atniczymi <\/span><\/b><span style=\"font-family: Verdana; font-size: small;\">lub samodzielna obs\u0142uga p\u0142atno\u015bci przez stanowisko POS, bez po\u015brednictwa terminala. System wsp\u00f3\u0142pracuje z akceptantami: Elavon, Polcard, eService, Novitus Celto, Polskie eP\u0142atno\u015bci, EuroKARTA, mPay.<\/span><\/p>\n<p><span style=\"font-family: Verdana; font-size: small;\">Wsp\u00f3\u0142praca z mobilnym <\/span><a href=\"http:\/\/insoft.com.pl\/Publik.nsf\/ece871686de51e57c12570ff0054cf6c\/7b41eece0656cf8fc1257c360053cc38?OpenDocument\" target=\"_blank\"><span style=\"font-family: Verdana; font-size: small;\">bonownikiem<\/span><\/a><span style=\"font-family: Verdana; font-size: small;\"> na platformie Android.<\/span><\/p>\n<p><b><span style=\"font-family: Verdana; font-size: small;\">Obs\u0142uga ponad 150 typ\u00f3w specjalizowanych urz\u0105dze\u0144:<\/span><\/b><br \/>\n<span style=\"font-family: Verdana; font-size: small;\">Wy\u015bwietlacze dla klient\u00f3w<\/span><br \/>\n<span style=\"font-family: Verdana; font-size: small;\">Drukarki Kuchenne<\/span><br \/>\n<span style=\"font-family: Verdana; font-size: small;\">Drukarki Bon\u00f3w<\/span><br \/>\n<span style=\"font-family: Verdana; font-size: small;\">Wagi<\/span><br \/>\n<span style=\"font-family: Verdana; font-size: small;\">Bonowniki<\/span><br \/>\n<span style=\"font-family: Verdana; font-size: small;\">Klawiatury programowalne<\/span><br \/>\n<span style=\"font-family: Verdana; font-size: small;\">Liczniki klient\u00f3w<\/span><br \/>\n<span style=\"font-family: Verdana; font-size: small;\">Czytniki kart magnetycznych, elektronicznych i pinpad\u00f3w<\/span><br \/>\n<span style=\"font-family: Verdana; font-size: small;\">Systemy monitoringu<\/span><\/p>\n<p><b><span style=\"font-family: Verdana; font-size: small;\">PC-Gastronom <\/span><\/b><span style=\"font-family: Verdana; font-size: small;\">jest prostym, intuicyjnym i funkcjonalnym programem kasowym dedykowanym dla stanowisk realizuj\u0105cych sprzeda\u017c w bran\u017cy gastronomicznej. <\/span><br \/>\n<b><span style=\"font-family: Verdana; font-size: small;\">PC-Gastronom <\/span><\/b><span style=\"font-family: Verdana; font-size: small;\">jest przystosowany do obs\u0142ugi ekran\u00f3w dotykowych.<\/span><\/p>\n<p><b><span style=\"font-family: Verdana; font-size: small;\">PC-Gastronom <\/span><\/b><span style=\"font-family: Verdana; font-size: small;\">jest konfigurowalny, dzi\u0119ki czemu realizuje potrzeby restauracji i sieci gastronomicznych, a jednocze\u015bnie mo\u017ce optymalnie pracowa\u0107 na pojedynczych punktach typu fast-food.<\/span><\/p>\n<p><b><span style=\"font-family: Verdana; font-size: small;\">PC-Gastronom &#8211; podstawowe mo\u017cliwo\u015bci programu:<\/span><\/b><\/p>\n<p><span style=\"font-family: Verdana; font-size: small;\">&#8211; obs\u0142uga zestaw\u00f3w gastronomicznych <\/span><br \/>\n<span style=\"font-family: Verdana; font-size: small;\">&#8211; dzielenie rachunk\u00f3w kelnerskich<\/span><br \/>\n<span style=\"font-family: Verdana; font-size: small;\">&#8211; obs\u0142uga drukarek kuchennych<\/span><br \/>\n<span style=\"font-family: Verdana; font-size: small;\">&#8211; wsp\u00f3\u0142praca ze stanowiskiem Ekranu kuchennego<\/span><br \/>\n<span style=\"font-family: Verdana; font-size: small;\">&#8211; zamra\u017canie rachunk\u00f3w wraz z obs\u0142ug\u0105 stolik\u00f3w<\/span><br \/>\n<span style=\"font-family: Verdana; font-size: small;\">&#8211; dowolnie programowalne panele szybkiej sprzeda\u017cy<\/span><br \/>\n<span style=\"font-family: Verdana; font-size: small;\">&#8211; obs\u0142uga komentarzy w zam\u00f3wieniach<\/span><br \/>\n<span style=\"font-family: Verdana; font-size: small;\">&#8211; rachunki wst\u0119pne dla klienta <\/span><br \/>\n<span style=\"font-family: Verdana; font-size: small;\">&#8211; logowanie do systemu kodem lub kart\u0105 magnetyczn\u0105 <\/span><br \/>\n<span style=\"font-family: Verdana; font-size: small;\">&#8211; obs\u0142uga dowolnej ilo\u015bci kasjer\u00f3w<\/span><br \/>\n<span style=\"font-family: Verdana; font-size: small;\">&#8211; mo\u017cliwo\u015b\u0107 otwarcia r\u00f3wnocze\u015bnie kilku rachunk\u00f3w<\/span><br \/>\n<span style=\"font-family: Verdana; font-size: small;\">&#8211; przepisywanie rachunk\u00f3w innym kelnerom<\/span><br \/>\n<span style=\"font-family: Verdana; font-size: small;\">&#8211; rozbudowana konfiguracja uprawnie\u0144 (kelner\/barman\/manager\/serwis)<\/span><br \/>\n<span style=\"font-family: Verdana; font-size: small;\">&#8211; mo\u017cliwo\u015b\u0107 uruchamiania wersji angloj\u0119zycznej dla wybranych kasjer\u00f3w<\/span><br \/>\n<span style=\"font-family: Verdana; font-size: small;\">&#8211; obs\u0142uga dw\u00f3ch drukarek fiskalnych <\/span><br \/>\n<span style=\"font-family: Verdana; font-size: small;\">&#8211; obs\u0142uga jednej drukarki fiskalnej z kilku stanowisk<\/span><br \/>\n<span style=\"font-family: Verdana; font-size: small;\">&#8211; obs\u0142uga ekran\u00f3w dotykowych i klawiatur programowalnych<\/span><br \/>\n<span style=\"font-family: Verdana; font-size: small;\">&#8211; obs\u0142uga kart lojalno\u015bciowych i kart p\u0142atniczych<\/span><br \/>\n<span style=\"font-family: Verdana; font-size: small;\">&#8211; rozliczenia kasjera z r\u00f3\u017cnych form p\u0142atno\u015bci<\/span><br \/>\n<span style=\"font-family: Verdana; font-size: small;\">&#8211; rozliczenie kasjera z got\u00f3wki w dowolnej ilo\u015bci walut<\/span><br \/>\n<span style=\"font-family: Verdana; font-size: small;\">&#8211; sprzeda\u017c w kilku poziomach cenowych z mo\u017cliwo\u015bci\u0105 obs\u0142ugi &#8222;Happy hours&#8221;<\/span><br \/>\n<span style=\"font-family: Verdana; font-size: small;\">&#8211; rozbudowana konfiguracja programu z zak\u0142adkami dostosowanymi do potrzeb w\u0142asnego lokalu<\/span><br \/>\n<span style=\"font-family: Verdana; font-size: small;\">&#8211; wysokie bezpiecze\u0144stwo pracy i danych<\/span><br \/>\n<span style=\"font-family: Verdana; font-size: small;\">&#8211; wystawianie faktur do paragon\u00f3w <\/span><\/p>\n<p><b><span style=\"font-family: Verdana; font-size: small;\">PC-Gastronom &#8211; <\/span><\/b><span style=\"font-family: Verdana; font-size: small;\">mo\u017ce pracowa\u0107 na samodzielnej kasie jak r\u00f3wnie\u017c w sieciowym systemie kas <\/span><\/p>\n<p><img loading=\"lazy\" decoding=\"async\" src=\"http:\/\/insoft.com.pl\/Publik.nsf\/0\/93c2d30b0a50aae9c12579ba0050aec5\/Body\/47.3AE6?OpenElement&amp;FieldElemFormat=gif\" alt=\"\" width=\"402\" height=\"326\" \/><\/p>\n<p><b><span style=\"font-family: Verdana; font-size: small;\">Zestawy promocyjne <\/span><\/b><span style=\"font-family: Verdana; font-size: small;\">&#8211; dzi\u0119ki rozbudowanym funkcjom systemu lojalno\u015bciowego mo\u017cemy tworzy\u0107 dowolne regu\u0142y, umo\u017cliwiaj\u0105ce sprzeda\u017c zestaw\u00f3w typu: 3 w cenie 2 czy rabat za N-pack. W zale\u017cno\u015bci od okre\u015blonych cech zam\u00f3wienia system sam zaproponuje dan\u0105 promocj\u0119 oraz zastosuje odpowiedni\u0105 regu\u0142\u0119 dla wybranych produkt\u00f3w zam\u00f3wienia. <\/span><\/p>\n<p><b><span style=\"font-family: Verdana; font-size: small;\">System monitoringu &#8211; <\/span><\/b><span style=\"font-family: Verdana; font-size: small;\">dzi\u0119ki wsp\u00f3\u0142pracy z systemami monitoringu, kierownik restauracji uzyska podgl\u0105d na kas\u0119 wraz z informacj\u0105 o aktualnie wykonywanych na niej operacjach. <\/span><\/p>\n<p><b><span style=\"font-family: Verdana; font-size: small;\">Sprzeda\u017c w kilku poziomach cenowych &#8211; <\/span><\/b><span style=\"font-family: Verdana; font-size: small;\">za pomoc\u0105 jednego przycisku mo\u017cemy zadecydowa\u0107 w jakim poziomie cen zamkniemy rachunek, lub zaprogramowa\u0107 przedzia\u0142y czasowe w kt\u00f3rych maj\u0105 obowi\u0105zywa\u0107 poszczeg\u00f3lne poziomy cen &#8211; funkcja happy hours<\/span><\/p>\n<p><b><span style=\"font-family: Verdana; font-size: small;\">Panele szybkiej sprzeda\u017cy &#8211; <\/span><\/b><span style=\"font-family: Verdana; font-size: small;\">dzi\u0119ki rozbudowanym mo\u017cliwo\u015bciom konfiguracji paneli szybkiej sprzeda\u017cy, bardzo szybko dostosujesz klawisze szybkiej sprzeda\u017cy do menu swojego lokalu ! <\/span><\/p>\n<p><b><span style=\"font-family: Verdana; font-size: small;\">PC-Gastronom \u2013 sposoby szybkiej sprzeda\u017cy produkt\u00f3w:<\/span><\/b><br \/>\n<span style=\"font-family: Verdana; font-size: small;\">&#8211; przez definiowane paneli szybkiej sprzeda\u017cy na ekranie dotykowym,<\/span><br \/>\n<span style=\"font-family: Verdana; font-size: small;\">&#8211; przez zaprogramowane klawisze szybkiej sprzeda\u017cy na klawiaturze (skr\u00f3ty)<\/span><br \/>\n<span style=\"font-family: Verdana; font-size: small;\">&#8211; przez definiowane parametry i kategorie towar\u00f3w<\/span><br \/>\n<span style=\"font-family: Verdana; font-size: small;\">&#8211; sprzeda\u017c po kodzie PLU <\/span><\/p>\n<p><img loading=\"lazy\" decoding=\"async\" src=\"http:\/\/insoft.com.pl\/Publik.nsf\/0\/93c2d30b0a50aae9c12579ba0050aec5\/Body\/105.498E?OpenElement&amp;FieldElemFormat=gif\" alt=\"\" width=\"466\" height=\"401\" \/><br \/>\n<b><span style=\"font-family: Verdana; font-size: small;\">PC-Market 7 Gastronom \u2013 obs\u0142uga zaplecza restauracji <\/span><\/b><\/p>\n<p><b><span style=\"font-family: Verdana; font-size: small;\">PC-Gastronom przy wsp\u00f3\u0142pracy z PC-Market 7 umo\u017cliwia m.in.:<\/span><\/b><\/p>\n<p><b><span style=\"font-family: Verdana; font-size: small;\">Szczeg\u00f3\u0142owe analizy on-line na podstawie danych o sprzeda\u017cy:<\/span><\/b><br \/>\n<span style=\"font-family: Verdana; font-size: small;\">&#8211; raporty o liczbie klient\u00f3w w ka\u017cdej godzinie funkcjonowania<\/span><br \/>\n<span style=\"font-family: Verdana; font-size: small;\">&#8211; analiza warto\u015bci zam\u00f3wie\u0144 i rachunk\u00f3w<\/span><br \/>\n<span style=\"font-family: Verdana; font-size: small;\">&#8211; szczeg\u00f3\u0142owa analiza rachunk\u00f3w w rozbiciu na pozycje<\/span><br \/>\n<span style=\"font-family: Verdana; font-size: small;\">&#8211; rejestry sprzeda\u017cy<\/span><\/p>\n<p><b><span style=\"font-family: Verdana; font-size: small;\">Rozliczanie kasjer\u00f3w, barman\u00f3w i kelner\u00f3w:<\/span><\/b><br \/>\n<span style=\"font-family: Verdana; font-size: small;\">&#8211; z ilo\u015bci got\u00f3wki w ka\u017cdej z walut,<\/span><br \/>\n<span style=\"font-family: Verdana; font-size: small;\">&#8211; z potwierdze\u0144 transakcji kartami p\u0142atniczymi, bon\u00f3w, czek\u00f3w itd.,<\/span><br \/>\n<span style=\"font-family: Verdana; font-size: small;\">&#8211; z ilo\u015bci stornowanych pozycji i anulowanych paragon\u00f3w.<\/span><\/p>\n<p><b><span style=\"font-family: Verdana; font-size: small;\">Pe\u0142na obs\u0142uga zaplecza magazynowego restauracji:<\/span><\/b><br \/>\n<span style=\"font-family: Verdana; font-size: small;\">&#8211; sporz\u0105dzanie ponad 40 typ\u00f3w dokument\u00f3w magazynowych,<\/span><br \/>\n<span style=\"font-family: Verdana; font-size: small;\">&#8211; sporz\u0105dzanie ponad 80 r\u00f3\u017cnych raport\u00f3w,<\/span><br \/>\n<span style=\"font-family: Verdana; font-size: small;\">&#8211; eksport do system\u00f3w FK (ponad 70 interfejs\u00f3w),<\/span><br \/>\n<span style=\"font-family: Verdana; font-size: small;\">&#8211; elektroniczna wymiana dokument\u00f3w (ponad 40 interfejs\u00f3w),<\/span><br \/>\n<span style=\"font-family: Verdana; font-size: small;\">&#8211; projektowanie wydruk\u00f3w dokument\u00f3w.<\/span><\/p>\n<p><span style=\"font-family: Verdana; font-size: small;\">PC-Market to dwadzie\u015bcia lat do\u015bwiadczenia w systemach sprzeda\u017cy!<\/span><\/p>\n<p><img loading=\"lazy\" decoding=\"async\" src=\"http:\/\/insoft.com.pl\/Publik.nsf\/0\/93c2d30b0a50aae9c12579ba0050aec5\/Body\/150.4AC6?OpenElement&amp;FieldElemFormat=gif\" alt=\"\" width=\"409\" height=\"324\" \/><\/p>\n<p><b><span style=\"font-family: Verdana; font-size: small;\">PC-Gastronom dost\u0119pny jest w kilku wersjach: <\/span><\/b><\/p>\n<p><span style=\"font-family: Verdana; font-size: small;\">&#8211; Standard &#8211; pojedyncze stanowisko PC-Gastronom<\/span><br \/>\n<span style=\"font-family: Verdana; font-size: small;\">&#8211; Premium &#8211; wersja pracuj\u0105ca w systemie kas z rozbudowanym \u015brodowiskiem zarz\u0105dzania i monitoringu<\/span><br \/>\n<span style=\"font-family: Verdana; font-size: small;\">&#8211; Net &#8211; wersja sieciowa, umo\u017cliwia po\u0142\u0105czenie wielu punkt\u00f3w gastronomicznych w jedn\u0105 sie\u0107, zarz\u0105dzan\u0105 i monitorowan\u0105 z centrali.<\/span><\/p>\n<p><a href=\"http:\/\/insoft.com.pl\/Publik.nsf\/ece871686de51e57c12570ff0054cf6c\/372219bf214265e9c12579ca00531418?OpenDocument\" target=\"_blank\"><b><span style=\"font-family: Verdana; font-size: small;\">Demonstracyjna wersja programu PC-Gastronom<\/span><br \/>\n<\/b><\/a><\/p>\n","protected":false},"excerpt":{"rendered":"<p>Program dla gastronomii &#8211; PC-Gastronom PC-Gastronom \u2013 to program dla bran\u017cy gastronomicznej PC-Gastronom \u2013 to intuicyjny i prosty w obs\u0142udze interfejs kasjera i kelnera PC-Gastronom \u2013 we wsp\u00f3\u0142pracy z programem PC-Market 7 i Konsola Kupca jest kompleksowym systemem do zarz\u0105dzania <a class=\"more-link\" href=\"https:\/\/motronik.com.pl\/index.php\/komputery-i-czesci-komputerowe\/dla-gastronomii\/pc-gastronom\/\">Czytaj wi\u0119cej&#8230;<\/a><\/p>\n","protected":false},"author":1,"featured_media":0,"parent":205,"menu_order":1,"comment_status":"closed","ping_status":"closed","template":"","meta":{"footnotes":""},"class_list":["post-221","page","type-page","status-publish","hentry"],"_links":{"self":[{"href":"https:\/\/motronik.com.pl\/index.php\/wp-json\/wp\/v2\/pages\/221","targetHints":{"allow":["GET"]}}],"collection":[{"href":"https:\/\/motronik.com.pl\/index.php\/wp-json\/wp\/v2\/pages"}],"about":[{"href":"https:\/\/motronik.com.pl\/index.php\/wp-json\/wp\/v2\/types\/page"}],"author":[{"embeddable":true,"href":"https:\/\/motronik.com.pl\/index.php\/wp-json\/wp\/v2\/users\/1"}],"replies":[{"embeddable":true,"href":"https:\/\/motronik.com.pl\/index.php\/wp-json\/wp\/v2\/comments?post=221"}],"version-history":[{"count":7,"href":"https:\/\/motronik.com.pl\/index.php\/wp-json\/wp\/v2\/pages\/221\/revisions"}],"predecessor-version":[{"id":245,"href":"https:\/\/motronik.com.pl\/index.php\/wp-json\/wp\/v2\/pages\/221\/revisions\/245"}],"up":[{"embeddable":true,"href":"https:\/\/motronik.com.pl\/index.php\/wp-json\/wp\/v2\/pages\/205"}],"wp:attachment":[{"href":"https:\/\/motronik.com.pl\/index.php\/wp-json\/wp\/v2\/media?parent=221"}],"curies":[{"name":"wp","href":"https:\/\/api.w.org\/{rel}","templated":true}]}}