{"id":228,"date":"2015-10-13T22:13:01","date_gmt":"2015-10-13T20:13:01","guid":{"rendered":"http:\/\/test.motronik.com.pl\/?page_id=228"},"modified":"2015-10-13T22:36:59","modified_gmt":"2015-10-13T20:36:59","slug":"dla-piekarni-i-cukierni","status":"publish","type":"page","link":"https:\/\/motronik.com.pl\/index.php\/komputery-i-czesci-komputerowe\/zarzadzanie-firma\/dla-piekarni-i-cukierni\/","title":{"rendered":"Dla piekarni i cukierni"},"content":{"rendered":"<h5>Dla kogo Navireo?<\/h5>\n<p><iframe loading=\"lazy\" width=\"780\" height=\"439\" src=\"https:\/\/www.youtube.com\/embed\/T435IdOzHRw?start=5&#038;feature=oembed\" frameborder=\"0\" allowfullscreen><\/iframe><\/p>\n<p>Piekarnie i cukiernie funkcjonuj\u0105 w specyficznym \u015brodowisku gospodarczym \u2013 z ma\u0142ymi mar\u017cami, du\u017c\u0105 konkurencj\u0105, wysokimi wymaganiami dotycz\u0105cymi obs\u0142ugi klienta oraz rygorystycznymi regulacjami prawnymi. Dzia\u0142aj\u0105 zar\u00f3wno pod presj\u0105 czasu, jak i zindywidualizowanych, dynamicznie zmieniaj\u0105cych si\u0119 zam\u00f3wie\u0144 klient\u00f3w, kt\u00f3rzy oczekuj\u0105 dost\u0119pno\u015bci zawsze \u015bwie\u017cych i zr\u00f3\u017cnicowanych produkt\u00f3w. Cykl \u017cycia wypiek\u00f3w jest zazwyczaj wyj\u0105tkowo kr\u00f3tki przy du\u017cej liczbie transakcji. Oprogramowanie dla piekarni powinno by\u0107 zatem dostosowane do specyfiki tej bran\u017cy.<\/p>\n<p>Wychodz\u0105c naprzeciw oczekiwaniom firm z bran\u017cy piekarniczej i cukierniczej, stworzyli\u015bmy specjaln\u0105 wersj\u0119 Navireo. Zawiera ona szereg specyficznych funkcji organizuj\u0105cych prac\u0119 i zwi\u0119kszaj\u0105cych biznesow\u0105 efektywno\u015b\u0107 piekarni i cukierni, m.in.: zwroty pieczywa \u2013 w wielu r\u00f3\u017cnych opcjach z automatycznymi mechanizmami rozliczania i fakturowania, zaopatrzenie piekarni i dostawy towar\u00f3w \u2013 z szybkim generowaniem i powielaniem zam\u00f3wie\u0144 we wszelkich konfiguracjach, organizuj\u0105ce prac\u0119 kierowc\u00f3w i trasy dostaw, planowanie produkcji, a tak\u017ce zarz\u0105dzanie relacjami z klientami, obs\u0142uga p\u0142atno\u015bci i nale\u017cno\u015bci czy generowanie analiz. System zosta\u0142 z powodzeniem przetestowany i wysoko oceniony przez firmy z bran\u017cy piekarsko-cukierniczej.<\/p>\n<p>Navireo to program dla piekarni \u015bredniej wielko\u015bci (zwykle od kilku do kilkudziesi\u0119ciu jednocze\u015bnie pracuj\u0105cych stanowisk), jedno- lub wielooddzia\u0142owych, posiadaj\u0105cych wewn\u0119trzny dzia\u0142 IT lub bez dzia\u0142u IT. Stanowi optymalne rozwi\u0105zanie dla przedsi\u0119biorstw, kt\u00f3re wymagaj\u0105 indywidualnego podej\u015bcia oraz dostosowania systemu do specyfiki dzia\u0142alno\u015bci i poszczeg\u00f3lnych stanowisk.<\/p>\n","protected":false},"excerpt":{"rendered":"<p>Dla kogo Navireo? Piekarnie i cukiernie funkcjonuj\u0105 w specyficznym \u015brodowisku gospodarczym \u2013 z ma\u0142ymi mar\u017cami, du\u017c\u0105 konkurencj\u0105, wysokimi wymaganiami dotycz\u0105cymi obs\u0142ugi klienta oraz rygorystycznymi regulacjami prawnymi. Dzia\u0142aj\u0105 zar\u00f3wno pod presj\u0105 czasu, jak i zindywidualizowanych, dynamicznie zmieniaj\u0105cych si\u0119 zam\u00f3wie\u0144 klient\u00f3w, kt\u00f3rzy <a class=\"more-link\" href=\"https:\/\/motronik.com.pl\/index.php\/komputery-i-czesci-komputerowe\/zarzadzanie-firma\/dla-piekarni-i-cukierni\/\">Czytaj wi\u0119cej&#8230;<\/a><\/p>\n","protected":false},"author":1,"featured_media":0,"parent":207,"menu_order":2,"comment_status":"closed","ping_status":"closed","template":"","meta":{"footnotes":""},"class_list":["post-228","page","type-page","status-publish","hentry"],"_links":{"self":[{"href":"https:\/\/motronik.com.pl\/index.php\/wp-json\/wp\/v2\/pages\/228","targetHints":{"allow":["GET"]}}],"collection":[{"href":"https:\/\/motronik.com.pl\/index.php\/wp-json\/wp\/v2\/pages"}],"about":[{"href":"https:\/\/motronik.com.pl\/index.php\/wp-json\/wp\/v2\/types\/page"}],"author":[{"embeddable":true,"href":"https:\/\/motronik.com.pl\/index.php\/wp-json\/wp\/v2\/users\/1"}],"replies":[{"embeddable":true,"href":"https:\/\/motronik.com.pl\/index.php\/wp-json\/wp\/v2\/comments?post=228"}],"version-history":[{"count":10,"href":"https:\/\/motronik.com.pl\/index.php\/wp-json\/wp\/v2\/pages\/228\/revisions"}],"predecessor-version":[{"id":239,"href":"https:\/\/motronik.com.pl\/index.php\/wp-json\/wp\/v2\/pages\/228\/revisions\/239"}],"up":[{"embeddable":true,"href":"https:\/\/motronik.com.pl\/index.php\/wp-json\/wp\/v2\/pages\/207"}],"wp:attachment":[{"href":"https:\/\/motronik.com.pl\/index.php\/wp-json\/wp\/v2\/media?parent=228"}],"curies":[{"name":"wp","href":"https:\/\/api.w.org\/{rel}","templated":true}]}}