{"id":241,"date":"2015-10-14T11:14:47","date_gmt":"2015-10-14T09:14:47","guid":{"rendered":"http:\/\/test.motronik.com.pl\/?page_id=241"},"modified":"2015-10-14T11:18:27","modified_gmt":"2015-10-14T09:18:27","slug":"gastro","status":"publish","type":"page","link":"https:\/\/motronik.com.pl\/index.php\/komputery-i-czesci-komputerowe\/dla-gastronomii\/gastro\/","title":{"rendered":"Gastro"},"content":{"rendered":"<div class=\"region region-content\">\n<div id=\"block-system-main\" class=\"block block-system\">\n<div class=\"content\">\n<div id=\"node-16\" class=\"node node-page clearfix\">\n<div class=\"title-with-permalink\">\n<h1 class=\"current-page-title\">Poznaj Gastro<\/h1>\n<\/div>\n<div class=\"content\">\n<div class=\"field field-name-body field-type-text-with-summary field-label-hidden\">\n<div class=\"field-items\">\n<div class=\"field-item even\">\n<p>Rynek gastronomiczny od wielu lat coraz pr\u0119\u017cniej si\u0119 rozwija. Jego ewolucja sprawi\u0142a, \u017ce do wyboru konsumenta jest coraz wi\u0119cej rodzaj\u00f3w lokali: restauracje, bary, fast foody, a gastronomia sta\u0142a si\u0119 pot\u0119\u017cn\u0105 ga\u0142\u0119zi\u0105 gospodarki. Jednym z motor\u00f3w jej post\u0119pu s\u0105 nowoczesne programy komputerowe u\u0142atwiaj\u0105ce zarz\u0105dzanie i\u00a0obs\u0142ug\u0119 w lokalach gastronomicznych.<\/p>\n<p>20 lat temu, grupa ludzi zobaczy\u0142a wielki potencja\u0142 tej bran\u017cy. Natchni\u0119ci duchem post\u0119pu, stworzyli pierwsze w\u00a0Polsce oprogramowanie gastronomiczne GASTRO. Podczas pracy nad tym nowatorskim wtedy pomys\u0142em, przy\u015bwieca\u0142 im jedynie jeden cel: usprawni\u0107 i unowocze\u015bni\u0107 dzia\u0142anie lokali gastronomicznych. Wiele miesi\u0119cy pracy przynios\u0142o innowacyjny program znacznie prostszy w obs\u0142udze i daj\u0105cy wi\u0119ksze mo\u017cliwo\u015bci ni\u017c funkcjonuj\u0105ce wtedy kasy fiskalne. Z latami by\u0142 coraz bardziej rozwijany, aby m\u00f3c coraz lepiej odpowiada\u0107 na potrzeby rynku.<\/p>\n<p>Po 20 latach dzia\u0142alno\u015bci, naszemu zespo\u0142owi nadal przy\u015bwieca ten sam cel. GASTRO nie jest ju\u017c jednym programem, ale rodzin\u0105 narz\u0119dzi potrafi\u0105c\u0105 zaspokoi\u0107 potrzeby ka\u017cdego samodzielnego lokalu czy sieci lokali gastronomicznych.<\/p>\n<p>Jako lider na rynku wiemy, \u017ce d\u0105\u017cenie do doskona\u0142o\u015bci zawsze wi\u0105\u017ce si\u0119 z wprowadzeniem zmian i nowo\u015bci. Dlatego dzi\u015b, przedstawiamy oprogramowanie GASTRO w ca\u0142kiem nowej ods\u0142onie. Po raz kolejny, nasi programi\u015bci stan\u0119li na wysoko\u015bci zadania i stworzyli produkt udoskonalony, wyposa\u017cony w nowe mo\u017cliwo\u015bci i\u00a0atrakcyjny wygl\u0105d id\u0105cy z duchem nowych rozwi\u0105za\u0144 rynkowych, kt\u00f3ry zapewnia \u0142atwo\u015b\u0107 dzia\u0142ania i czytelno\u015b\u0107 przekazywanych informacji.<\/p>\n<p>Pod nowoczesnym i przyjaznym dla u\u017cytkownika interfejsem kryj\u0105 si\u0119 wszystkie zalety starego oprogramowania, przy jednoczesnym wyeliminowaniu niedogodno\u015bci pracy z GASTRO Klasyk\u0105.\u00a0 Wyposa\u017cone w nowe mo\u017cliwo\u015bci, GASTRO pozwala na wsp\u00f3\u0142prac\u0119 z chmur\u0105 w postaci kopii bazy danych, dokonywanie zam\u00f3wie\u0144 przez internet czy telefon (modu\u0142 mojeGASTRO), konfigurowanie w\u0142asnych raport\u00f3w dostosowanych do indywidualnych potrzeb u\u017cytkownika. Dodatkowo nasi programi\u015bci stworzyli aplikacje mobilne oparte na systemie Android wspomagaj\u0105ce program, miniPOS i multimedialny system informowania kucharza- KDS.<\/p>\n<p>Nowe GASTRO to nasza odpowied\u017a na na dalszy rozw\u00f3j rynku. Jeszcze lepsza, sprawniejsza, nowoczesna- rodzina produkt\u00f3w GASTRO.<\/p>\n<p><a href=\"http:\/\/www.gastro.pl\/poznaj-gastro\/gastro-pos\" target=\"_blank\">Gastro POS<\/a><\/p>\n<p><a href=\"http:\/\/www.gastro.pl\/poznaj-gastro\/gastro-szef\" target=\"_blank\">Gastro Szef<\/a><\/p>\n<p><a href=\"http:\/\/www.gastro.pl\/poznaj-gastro\/gastro-finanse\" target=\"_blank\">Gastro finanse<\/a><\/p>\n<p><a href=\"http:\/\/www.gastro.pl\/poznaj-gastro\/minipos\" target=\"_blank\">Mini POS<\/a><\/p>\n<p><a href=\"http:\/\/www.gastro.pl\/poznaj-gastro\/system-komunikacji-z-kuchnia\" target=\"_blank\">System komunikacji z kuchni\u0105<\/a><\/p>\n<p><a href=\"http:\/\/www.gastro.pl\/poznaj-gastro\/centrum-gastro\" target=\"_blank\">Gastro centrum<\/a><\/p>\n<p><a href=\"http:\/\/www.gastro.pl\/poznaj-gastro\/mojegastro\" target=\"_blank\">Moje Gastro<\/a><\/p>\n<p>&nbsp;<\/p>\n<\/div>\n<\/div>\n<\/div>\n<\/div>\n<\/div>\n<\/div>\n<\/div>\n<\/div>\n","protected":false},"excerpt":{"rendered":"<p>Poznaj Gastro Rynek gastronomiczny od wielu lat coraz pr\u0119\u017cniej si\u0119 rozwija. Jego ewolucja sprawi\u0142a, \u017ce do wyboru konsumenta jest coraz wi\u0119cej rodzaj\u00f3w lokali: restauracje, bary, fast foody, a gastronomia sta\u0142a si\u0119 pot\u0119\u017cn\u0105 ga\u0142\u0119zi\u0105 gospodarki. Jednym z motor\u00f3w jej post\u0119pu s\u0105 <a class=\"more-link\" href=\"https:\/\/motronik.com.pl\/index.php\/komputery-i-czesci-komputerowe\/dla-gastronomii\/gastro\/\">Czytaj wi\u0119cej&#8230;<\/a><\/p>\n","protected":false},"author":1,"featured_media":0,"parent":205,"menu_order":3,"comment_status":"closed","ping_status":"closed","template":"","meta":{"footnotes":""},"class_list":["post-241","page","type-page","status-publish","hentry"],"_links":{"self":[{"href":"https:\/\/motronik.com.pl\/index.php\/wp-json\/wp\/v2\/pages\/241","targetHints":{"allow":["GET"]}}],"collection":[{"href":"https:\/\/motronik.com.pl\/index.php\/wp-json\/wp\/v2\/pages"}],"about":[{"href":"https:\/\/motronik.com.pl\/index.php\/wp-json\/wp\/v2\/types\/page"}],"author":[{"embeddable":true,"href":"https:\/\/motronik.com.pl\/index.php\/wp-json\/wp\/v2\/users\/1"}],"replies":[{"embeddable":true,"href":"https:\/\/motronik.com.pl\/index.php\/wp-json\/wp\/v2\/comments?post=241"}],"version-history":[{"count":2,"href":"https:\/\/motronik.com.pl\/index.php\/wp-json\/wp\/v2\/pages\/241\/revisions"}],"predecessor-version":[{"id":244,"href":"https:\/\/motronik.com.pl\/index.php\/wp-json\/wp\/v2\/pages\/241\/revisions\/244"}],"up":[{"embeddable":true,"href":"https:\/\/motronik.com.pl\/index.php\/wp-json\/wp\/v2\/pages\/205"}],"wp:attachment":[{"href":"https:\/\/motronik.com.pl\/index.php\/wp-json\/wp\/v2\/media?parent=241"}],"curies":[{"name":"wp","href":"https:\/\/api.w.org\/{rel}","templated":true}]}}