{"id":246,"date":"2015-10-14T11:30:47","date_gmt":"2015-10-14T09:30:47","guid":{"rendered":"http:\/\/test.motronik.com.pl\/?page_id=246"},"modified":"2015-10-14T12:02:22","modified_gmt":"2015-10-14T10:02:22","slug":"soga","status":"publish","type":"page","link":"https:\/\/motronik.com.pl\/index.php\/komputery-i-czesci-komputerowe\/dla-gastronomii\/soga\/","title":{"rendered":"SOGA"},"content":{"rendered":"<p><strong>Najwa\u017cniejsze funkcje systemu:<img loading=\"lazy\" decoding=\"async\" class=\"alignleft\" src=\"http:\/\/www.novitus.pl\/sites\/default\/files\/produkt\/autoid\/soga_medres_rgb.jpg\" alt=\"SOGA\" width=\"358\" height=\"402\" \/><\/strong><\/p>\n<ul>\n<li>obs\u0142uga wielu rachunk\u00f3w jednocze\u015bnie<\/li>\n<li>graficzne odwzorowanie u\u0142o\u017cenia stolik\u00f3w<\/li>\n<li>wiele rachunk\u00f3w na jednym stoliku<\/li>\n<li>przenoszenie rachunk\u00f3w na inny stolik<\/li>\n<li>\u0142\u0105czenie i dzielenie rachunk\u00f3w<\/li>\n<li>przejmowanie rachunk\u00f3w<\/li>\n<li>system komentarzy do artyku\u0142\u00f3w<\/li>\n<li>wydruk zam\u00f3wie\u0144 na drukarkach bonowych (np. w kuchni i w barze)<\/li>\n<li>mo\u017cliwo\u015b\u0107 ustalania priorytet\u00f3w dla zam\u00f3wie\u0144<\/li>\n<li>rabaty do poszczeg\u00f3lnych pozycji i do ca\u0142ych rachunk\u00f3w<\/li>\n<li>wydruk rachunk\u00f3w pr\u00f3bnych<\/li>\n<li>dowolna ilo\u015b\u0107 sal<\/li>\n<li>dowolna liczba kelner\u00f3w<\/li>\n<li style=\"text-align: left;\">praca na jednym lub kilku stanowiskach w sieci<\/li>\n<li style=\"text-align: left;\">definiowanie grup dla artyku\u0142\u00f3w<\/li>\n<li style=\"text-align: left;\">generowanie raport\u00f3w<\/li>\n<\/ul>\n","protected":false},"excerpt":{"rendered":"<p>Najwa\u017cniejsze funkcje systemu: obs\u0142uga wielu rachunk\u00f3w jednocze\u015bnie graficzne odwzorowanie u\u0142o\u017cenia stolik\u00f3w wiele rachunk\u00f3w na jednym stoliku przenoszenie rachunk\u00f3w na inny stolik \u0142\u0105czenie i dzielenie rachunk\u00f3w przejmowanie rachunk\u00f3w system komentarzy do artyku\u0142\u00f3w wydruk zam\u00f3wie\u0144 na drukarkach bonowych (np. w kuchni i <a class=\"more-link\" href=\"https:\/\/motronik.com.pl\/index.php\/komputery-i-czesci-komputerowe\/dla-gastronomii\/soga\/\">Czytaj wi\u0119cej&#8230;<\/a><\/p>\n","protected":false},"author":1,"featured_media":0,"parent":205,"menu_order":4,"comment_status":"closed","ping_status":"closed","template":"","meta":{"footnotes":""},"class_list":["post-246","page","type-page","status-publish","hentry"],"_links":{"self":[{"href":"https:\/\/motronik.com.pl\/index.php\/wp-json\/wp\/v2\/pages\/246","targetHints":{"allow":["GET"]}}],"collection":[{"href":"https:\/\/motronik.com.pl\/index.php\/wp-json\/wp\/v2\/pages"}],"about":[{"href":"https:\/\/motronik.com.pl\/index.php\/wp-json\/wp\/v2\/types\/page"}],"author":[{"embeddable":true,"href":"https:\/\/motronik.com.pl\/index.php\/wp-json\/wp\/v2\/users\/1"}],"replies":[{"embeddable":true,"href":"https:\/\/motronik.com.pl\/index.php\/wp-json\/wp\/v2\/comments?post=246"}],"version-history":[{"count":6,"href":"https:\/\/motronik.com.pl\/index.php\/wp-json\/wp\/v2\/pages\/246\/revisions"}],"predecessor-version":[{"id":252,"href":"https:\/\/motronik.com.pl\/index.php\/wp-json\/wp\/v2\/pages\/246\/revisions\/252"}],"up":[{"embeddable":true,"href":"https:\/\/motronik.com.pl\/index.php\/wp-json\/wp\/v2\/pages\/205"}],"wp:attachment":[{"href":"https:\/\/motronik.com.pl\/index.php\/wp-json\/wp\/v2\/media?parent=246"}],"curies":[{"name":"wp","href":"https:\/\/api.w.org\/{rel}","templated":true}]}}