{"id":255,"date":"2015-10-14T12:11:58","date_gmt":"2015-10-14T10:11:58","guid":{"rendered":"http:\/\/test.motronik.com.pl\/?page_id=255"},"modified":"2015-10-14T14:51:38","modified_gmt":"2015-10-14T12:51:38","slug":"chart","status":"publish","type":"page","link":"https:\/\/motronik.com.pl\/index.php\/komputery-i-czesci-komputerowe\/oprogramowanie-hotelowe\/chart\/","title":{"rendered":"CHART"},"content":{"rendered":"<p><strong>System hotelowy CHART<\/strong>\u00a0dzi\u0119ki swojej niezawodno\u015bci, uniwersalno\u015bci i modularnej budowie, znajduje szerokie zastosowanie w hotelach, pensjonatach, o\u015brodkach wypoczynkowych, hostelach i sanatoriach. System z powodzeniem mo\u017ce by\u0107 stosowany zar\u00f3wno w ma\u0142ych, jak i du\u017cych obiektach. Pomimo, \u017ce program zawiera bogaty pakiet funkcji charakteryzuje si\u0119 \u0142atwo\u015bci\u0105 obs\u0142ugi.<\/p>\n<p>Wielol<img loading=\"lazy\" decoding=\"async\" class=\"alignleft\" src=\"http:\/\/www.chart.pl\/wp-content\/uploads\/2015\/04\/chart-moduly1.png\" alt=\"System Chart\" width=\"438\" height=\"254\" \/>etnie do\u015bwiadczenie naszej firmy oraz istotny wp\u0142yw u\u017cytkownik\u00f3w na przygotowywane funkcjonalno\u015bci sprawiaj\u0105, \u017ce program jest intuicyjny, oraz zawiera szereg udogodnie\u0144 wspieraj\u0105cych prac\u0119 recepcji oraz ca\u0142ego hotelu.<\/p>\n<p>Program hotelowy<br \/>\nChart projektowany jest <strong>przez hotelarzy, dla hotelarzy.<\/strong><\/p>\n<p><b>Minimalizujemy koszty wdro\u017cenia\u00a0<\/b>bo wiemy, \u017ce jest to istotny\u00a0czynnik wp\u0142ywaj\u0105cy na proces decyzyjny podczas zakupu oprogramowania. Przygotowuj\u0105c oprogramowanie dokonali\u015bmy wszelkich stara\u0144, aby program by\u0142 prosty w obs\u0142udze, intuicyjny oraz w jasny spos\u00f3b informowa\u0142 u\u017cytkownika o pope\u0142nionym przez niego b\u0142\u0119dzie wskazuj\u0105c bezpo\u015brednio na przyczyn\u0119 pojawiaj\u0105cego si\u0119 problemu. Dopasowuj\u0105c si\u0119 do potrzeb Klient\u00f3w, przy projektowaniu programu Chart, wdro\u017cenie oprogramowania nie wymaga czasoch\u0142onnego szkolenia. Czytelno\u015b\u0107 opcji oraz jasne komunikaty umo\u017cliwiaj\u0105 obs\u0142ug\u0119 programu przez osoby, kt\u00f3re nie uczestniczy\u0142y wcze\u015bniej w szkoleniach.<\/p>\n<p>&nbsp;<\/p>\n","protected":false},"excerpt":{"rendered":"<p>System hotelowy CHART\u00a0dzi\u0119ki swojej niezawodno\u015bci, uniwersalno\u015bci i modularnej budowie, znajduje szerokie zastosowanie w hotelach, pensjonatach, o\u015brodkach wypoczynkowych, hostelach i sanatoriach. System z powodzeniem mo\u017ce by\u0107 stosowany zar\u00f3wno w ma\u0142ych, jak i du\u017cych obiektach. Pomimo, \u017ce program zawiera bogaty pakiet funkcji <a class=\"more-link\" href=\"https:\/\/motronik.com.pl\/index.php\/komputery-i-czesci-komputerowe\/oprogramowanie-hotelowe\/chart\/\">Czytaj wi\u0119cej&#8230;<\/a><\/p>\n","protected":false},"author":1,"featured_media":0,"parent":253,"menu_order":1,"comment_status":"closed","ping_status":"closed","template":"","meta":{"footnotes":""},"class_list":["post-255","page","type-page","status-publish","hentry"],"_links":{"self":[{"href":"https:\/\/motronik.com.pl\/index.php\/wp-json\/wp\/v2\/pages\/255","targetHints":{"allow":["GET"]}}],"collection":[{"href":"https:\/\/motronik.com.pl\/index.php\/wp-json\/wp\/v2\/pages"}],"about":[{"href":"https:\/\/motronik.com.pl\/index.php\/wp-json\/wp\/v2\/types\/page"}],"author":[{"embeddable":true,"href":"https:\/\/motronik.com.pl\/index.php\/wp-json\/wp\/v2\/users\/1"}],"replies":[{"embeddable":true,"href":"https:\/\/motronik.com.pl\/index.php\/wp-json\/wp\/v2\/comments?post=255"}],"version-history":[{"count":2,"href":"https:\/\/motronik.com.pl\/index.php\/wp-json\/wp\/v2\/pages\/255\/revisions"}],"predecessor-version":[{"id":258,"href":"https:\/\/motronik.com.pl\/index.php\/wp-json\/wp\/v2\/pages\/255\/revisions\/258"}],"up":[{"embeddable":true,"href":"https:\/\/motronik.com.pl\/index.php\/wp-json\/wp\/v2\/pages\/253"}],"wp:attachment":[{"href":"https:\/\/motronik.com.pl\/index.php\/wp-json\/wp\/v2\/media?parent=255"}],"curies":[{"name":"wp","href":"https:\/\/api.w.org\/{rel}","templated":true}]}}