{"id":377,"date":"2016-01-27T09:20:47","date_gmt":"2016-01-27T08:20:47","guid":{"rendered":"http:\/\/test.motronik.com.pl\/?page_id=377"},"modified":"2016-04-09T21:03:38","modified_gmt":"2016-04-09T19:03:38","slug":"revo","status":"publish","type":"page","link":"https:\/\/motronik.com.pl\/index.php\/urzadzenia-fiskalne-2\/kasy-srednie\/revo\/","title":{"rendered":"Revo"},"content":{"rendered":"<p><strong>Posnet Revo<\/strong> to rewolucyjna kasa fiskalna \u0142\u0105cz\u0105ca ergonomiczne rozwi\u0105zania i wyj\u0105tkow\u0105 odporno\u015b\u0107 z nowoczesnym designem.<br \/>\nUrz\u0105dzenie oferuje szereg unikalnych funkcji oraz pozwala u\u017cytkownikowi na personalizacj\u0119 poprzez do\u0142\u0105czenie szalki wa\u017c\u0105cej, wyb\u00f3r kolorystyki oraz niekt\u00f3rych funkcjonalno\u015bci kasy.<\/p>\n<p><strong>Funkcja kaso-wagi &#8211; rewolucyjne po\u0142\u0105czenie<\/strong><\/p>\n<p>To pierwsze na rynku po\u0142\u0105czenie kasy fiskalnej z wag\u0105 elektroniczn\u0105.<\/p>\n<p>Funkcje takie jak tarowanie i zerowanie szalki wa\u017c\u0105cej wywo\u0142ywane s\u0105 z klawiatury kasy, a wskazania wagi pojawiaj\u0105 si\u0119 bezpo\u015brednio na wy\u015bwietlaczach operatora i klienta.<\/p>\n","protected":false},"excerpt":{"rendered":"<p>Posnet Revo to rewolucyjna kasa fiskalna \u0142\u0105cz\u0105ca ergonomiczne rozwi\u0105zania i wyj\u0105tkow\u0105 odporno\u015b\u0107 z nowoczesnym designem. Urz\u0105dzenie oferuje szereg unikalnych funkcji oraz pozwala u\u017cytkownikowi na personalizacj\u0119 poprzez do\u0142\u0105czenie szalki wa\u017c\u0105cej, wyb\u00f3r kolorystyki oraz niekt\u00f3rych funkcjonalno\u015bci kasy. Funkcja kaso-wagi &#8211; rewolucyjne po\u0142\u0105czenie <a class=\"more-link\" href=\"https:\/\/motronik.com.pl\/index.php\/urzadzenia-fiskalne-2\/kasy-srednie\/revo\/\">Czytaj wi\u0119cej&#8230;<\/a><\/p>\n","protected":false},"author":1,"featured_media":387,"parent":321,"menu_order":1,"comment_status":"closed","ping_status":"closed","template":"","meta":{"footnotes":""},"class_list":["post-377","page","type-page","status-publish","has-post-thumbnail","hentry"],"_links":{"self":[{"href":"https:\/\/motronik.com.pl\/index.php\/wp-json\/wp\/v2\/pages\/377","targetHints":{"allow":["GET"]}}],"collection":[{"href":"https:\/\/motronik.com.pl\/index.php\/wp-json\/wp\/v2\/pages"}],"about":[{"href":"https:\/\/motronik.com.pl\/index.php\/wp-json\/wp\/v2\/types\/page"}],"author":[{"embeddable":true,"href":"https:\/\/motronik.com.pl\/index.php\/wp-json\/wp\/v2\/users\/1"}],"replies":[{"embeddable":true,"href":"https:\/\/motronik.com.pl\/index.php\/wp-json\/wp\/v2\/comments?post=377"}],"version-history":[{"count":2,"href":"https:\/\/motronik.com.pl\/index.php\/wp-json\/wp\/v2\/pages\/377\/revisions"}],"predecessor-version":[{"id":379,"href":"https:\/\/motronik.com.pl\/index.php\/wp-json\/wp\/v2\/pages\/377\/revisions\/379"}],"up":[{"embeddable":true,"href":"https:\/\/motronik.com.pl\/index.php\/wp-json\/wp\/v2\/pages\/321"}],"wp:featuredmedia":[{"embeddable":true,"href":"https:\/\/motronik.com.pl\/index.php\/wp-json\/wp\/v2\/media\/387"}],"wp:attachment":[{"href":"https:\/\/motronik.com.pl\/index.php\/wp-json\/wp\/v2\/media?parent=377"}],"curies":[{"name":"wp","href":"https:\/\/api.w.org\/{rel}","templated":true}]}}