{"id":388,"date":"2016-03-06T10:10:52","date_gmt":"2016-03-06T09:10:52","guid":{"rendered":"http:\/\/test.motronik.com.pl\/?page_id=388"},"modified":"2016-03-12T21:25:33","modified_gmt":"2016-03-12T20:25:33","slug":"kamery-colin","status":"publish","type":"page","link":"https:\/\/motronik.com.pl\/index.php\/urzadzenia-fiskalne\/kamery-colin\/","title":{"rendered":"Kamery Colin"},"content":{"rendered":"<p>Systemy COLIN to najnowocze\u015bniejsze rozwi\u0105zania w systemach monitoringu. Bardzo dobrze nadaj\u0105 si\u0119 do unowocze\u015bniania istniej\u0105cych analogowych system\u00f3w. System COLIN to:<\/p>\n<ul>\n<li>Kamery systemu HD to sze\u015b\u0107 razy wi\u0119cej szczeg\u00f3\u0142\u00f3w.<\/li>\n<li>Mo\u017cliwo\u015b\u0107 zamiany system\u00f3w kamer analogowych bez wymiany przewod\u00f3w.<\/li>\n<li>Kamery o\u015bwietlaj\u0105ce teren w nocy \u015bwiat\u0142em bia\u0142ym<\/li>\n<\/ul>\n<p>&nbsp;<\/p>\n<div id=\"metaslider-id-60\" style=\"max-width: 700px;\" class=\"ml-slider-3-100-1 metaslider metaslider-flex metaslider-60 ml-slider ms-theme-default\" role=\"region\" aria-label=\"Nowy slider\" data-height=\"300\" data-width=\"700\">\n    <div id=\"metaslider_container_60\">\n        <div id=\"metaslider_60\">\n            <ul class='slides'>\n                <li style=\"display: block; width: 100%;\" class=\"slide-392 ms-image \" aria-roledescription=\"slide\" data-date=\"2016-03-09 21:36:59\"><img loading=\"lazy\" decoding=\"async\" src=\"https:\/\/motronik.com.pl\/wp-content\/uploads\/2016\/03\/Camera_anim1-700x300.png\" height=\"300\" width=\"700\" alt=\"\" class=\"slider-60 slide-392 msDefaultImage\" \/><\/li>\n                <li style=\"display: none; width: 100%;\" class=\"slide-391 ms-image \" aria-roledescription=\"slide\" data-date=\"2016-03-09 21:36:41\"><img loading=\"lazy\" decoding=\"async\" src=\"https:\/\/motronik.com.pl\/wp-content\/uploads\/2016\/03\/Camera_anim2-700x300.png\" height=\"300\" width=\"700\" alt=\"\" class=\"slider-60 slide-391 msDefaultImage\" \/><\/li>\n            <\/ul>\n        <\/div>\n        \n    <\/div>\n<\/div>\n<p>&nbsp;<\/p>\n<ul>\n<li><a href=\"http:\/\/motronik.com.pl\/colin\/KameryCW.htm\" target=\"_blank\">Kamery \u015bwiec\u0105ce \u015bwiat\u0142em bia\u0142ym w trybie nocnym<\/a>\n<li><a href=\"http:\/\/motronik.com.pl\/colin\/Kamery_IR.htm\" target=\"_blank\">Kamery pracuj\u0105ce w podczerwieni w trybie nocnym<\/a>\n<li><a href=\"http:\/\/motronik.com.pl\/colin\/pozostale.htm\" target=\"_blank\">Pozosta\u0142e kamery<\/a>\n<li><a href=\"http:\/\/motronik.com.pl\/colin\/Rejestratory.htm\" target=\"_blank\">Rejestratory w systemie AHD<\/a>\n<li><a href=\"http:\/\/motronik.com.pl\/colin\/akcesoria.htm\" target=\"_blank\">Pozosta\u0142e akcesoria systemu.<\/a>\n<\/ul>\n","protected":false},"excerpt":{"rendered":"<p>Systemy COLIN to najnowocze\u015bniejsze rozwi\u0105zania w systemach monitoringu. Bardzo dobrze nadaj\u0105 si\u0119 do unowocze\u015bniania istniej\u0105cych analogowych system\u00f3w. System COLIN to: Kamery systemu HD to sze\u015b\u0107 razy wi\u0119cej szczeg\u00f3\u0142\u00f3w. Mo\u017cliwo\u015b\u0107 zamiany system\u00f3w kamer analogowych bez wymiany przewod\u00f3w. Kamery o\u015bwietlaj\u0105ce teren w <a class=\"more-link\" href=\"https:\/\/motronik.com.pl\/index.php\/urzadzenia-fiskalne\/kamery-colin\/\">Czytaj wi\u0119cej&#8230;<\/a><\/p>\n","protected":false},"author":1,"featured_media":0,"parent":77,"menu_order":2,"comment_status":"closed","ping_status":"closed","template":"","meta":{"footnotes":""},"class_list":["post-388","page","type-page","status-publish","hentry"],"_links":{"self":[{"href":"https:\/\/motronik.com.pl\/index.php\/wp-json\/wp\/v2\/pages\/388","targetHints":{"allow":["GET"]}}],"collection":[{"href":"https:\/\/motronik.com.pl\/index.php\/wp-json\/wp\/v2\/pages"}],"about":[{"href":"https:\/\/motronik.com.pl\/index.php\/wp-json\/wp\/v2\/types\/page"}],"author":[{"embeddable":true,"href":"https:\/\/motronik.com.pl\/index.php\/wp-json\/wp\/v2\/users\/1"}],"replies":[{"embeddable":true,"href":"https:\/\/motronik.com.pl\/index.php\/wp-json\/wp\/v2\/comments?post=388"}],"version-history":[{"count":7,"href":"https:\/\/motronik.com.pl\/index.php\/wp-json\/wp\/v2\/pages\/388\/revisions"}],"predecessor-version":[{"id":397,"href":"https:\/\/motronik.com.pl\/index.php\/wp-json\/wp\/v2\/pages\/388\/revisions\/397"}],"up":[{"embeddable":true,"href":"https:\/\/motronik.com.pl\/index.php\/wp-json\/wp\/v2\/pages\/77"}],"wp:attachment":[{"href":"https:\/\/motronik.com.pl\/index.php\/wp-json\/wp\/v2\/media?parent=388"}],"curies":[{"name":"wp","href":"https:\/\/api.w.org\/{rel}","templated":true}]}}