{"id":404,"date":"2016-03-12T22:20:23","date_gmt":"2016-03-12T21:20:23","guid":{"rendered":"http:\/\/test.motronik.com.pl\/?page_id=404"},"modified":"2016-04-09T21:00:23","modified_gmt":"2016-04-09T19:00:23","slug":"dokumenty-do-pobrania","status":"publish","type":"page","link":"https:\/\/motronik.com.pl\/index.php\/urzadzenia-fiskalne-2\/dokumenty-do-pobrania\/","title":{"rendered":"Dokumenty do pobrania"},"content":{"rendered":"<h3>Przydatne dokumenty dla posiadaczy urz\u0105dze\u0144 fiskalnych:<\/h3>\n<ul>\n<li><a href=\"http:\/\/motronik.com.pl\/wp-content\/uploads\/2014\/07\/f_zawiadomienie_2_podatnik.doc\" target=\"_blank\"><span style=\"color: #0000ff;\"><span style=\"color: #0000ff;\">Zawiadomienie Urz\u0119du Skarbowego o rozpocz\u0119ciu ewidencji\u00a0 przy zastosowaniu kas rejestruj\u0105cych przez podatnika<\/span><\/span><\/a><\/li>\n<li><span style=\"color: #0000ff;\"><a href=\"http:\/\/motronik.com.pl\/wp-content\/uploads\/2014\/05\/f_zawiadomienie_podatnik.pdf\" target=\"_blank\"><span style=\"color: #0000ff;\">Zawiadomienie Urz\u0119du Skarbowego o miejscu instalacji kasy rejestruj\u0105cej przez podatnika<\/span><\/a><\/span><\/li>\n<li><span style=\"color: #0000ff;\"><a href=\"http:\/\/motronik.com.pl\/wp-content\/uploads\/2014\/07\/F_wniosek_o_odczyt_pamieci_fiskalnej.doc\" target=\"_blank\"><span style=\"color: #0000ff;\">Wniosek o odczyt pami\u0119ci fiskalnej<\/span><\/a><\/span><\/li>\n<\/ul>\n<h3>Wnioski o przekazanie serwisu urz\u0105dze\u0144 fiskalnych:<\/h3>\n<ul>\n<li><span style=\"color: #0000ff;\"><a href=\"http:\/\/motronik.com.pl\/wp-content\/uploads\/2014\/06\/F_Wniosek-o-zmiane-serwisu-POSNET.pdf\" target=\"_blank\"><span style=\"color: #0000ff;\">Wniosek o zmian\u0119 serwisu POSNET<\/span><\/a><\/span><\/li>\n<li><span style=\"color: #0000ff;\"><a href=\"http:\/\/motronik.com.pl\/wp-content\/uploads\/2014\/06\/F_Wniosek-o-zmiane-serwisu-NOVITUS.pdf\" target=\"_blank\"><span style=\"color: #0000ff;\">Wniosek o zmian\u0119 serwisu NOVITUS<\/span><\/a><\/span><\/li>\n<li><span style=\"color: #0000ff;\"><a href=\"http:\/\/motronik.com.pl\/wp-content\/uploads\/2014\/06\/F_Wniosek-o-zmiane-serwisu-INNOVA.pdf\" target=\"_blank\"><span style=\"color: #0000ff;\">Wniosek o zmian\u0119 serwisu INNOVA<\/span><\/a><\/span><\/li>\n<li><span style=\"color: #0000ff;\"><a href=\"http:\/\/motronik.com.pl\/wp-content\/uploads\/2014\/06\/F_Wniosek-o-zmiane-serwisu-ELZAB.pdf\" target=\"_blank\"><span style=\"color: #0000ff;\">Wniosek o zmian\u0119 serwisu ELZAB<\/span><\/a><\/span><\/li>\n<li><span style=\"color: #0000ff;\"><a href=\"http:\/\/motronik.com.pl\/wp-content\/uploads\/2014\/06\/F_Wniosek-o-zmiane-serwisu-DATECS.pdf\" target=\"_blank\"><span style=\"color: #0000ff;\">Wniosek o zmian\u0119 serwisu DATECS<\/span><\/a><\/span><\/li>\n<li><span style=\"color: #0000ff;\"><a href=\"http:\/\/motronik.com.pl\/wp-content\/uploads\/2014\/06\/F_Wniosek-o-zmiane-serwisu-TORELL.pdf\" target=\"_blank\"><span style=\"color: #0000ff;\">Wniosek o zmian\u0119 serwisu TORELL<\/span><\/a><\/span><\/li>\n<\/ul>\n<h3>Rozporz\u0105dzenia Ministra Finans\u00f3w:<\/h3>\n<ul>\n<li><strong><span style=\"color: #0000ff;\"><a href=\"http:\/\/motronik.com.pl\/wp-content\/uploads\/2014\/11\/f_rmf_04_11_2014.pdf\" target=\"_blank\"><span style=\"color: #0000ff;\">w sprawie zwolnie\u0144 z obowi\u0105zku prowadzenia ewidencji przy zastosowaniu kas rejestruj\u0105cych z dnia 04 listopada 2014<\/span><\/a><\/span><\/strong><\/li>\n<li><span style=\"color: #0000ff;\"><a href=\"http:\/\/motronik.com.pl\/wp-content\/uploads\/2014\/07\/f_rmf-w-sprawie-zwolnie\u0144-z-obowi\u0105zku-prowadzenia-ewidencji-przy-zastosowaniu-kas-rejestruj\u0105cych-z-dnia-29-listopada-2012.pdf\" target=\"_blank\"><span style=\"color: #0000ff;\">w sprawie zwolnie\u0144 z obowi\u0105zku prowadzenia ewidencji przy zastosowaniu kas rejestruj\u0105cych z dnia 29 listopada 2012<\/span><\/a><\/span><\/li>\n<li><span style=\"color: #0000ff;\"><a href=\"http:\/\/motronik.com.pl\/wp-content\/uploads\/2014\/07\/f_w-sprawie-kas-fiskalnych-z-dnia-14-marca-2013.pdf\" target=\"_blank\"><span style=\"color: #0000ff;\">w sprawie kas fiskalnych z dnia 14 marca 2013 &#8211; wyja\u015bnienie jednoznacznej nazwy na paragonach<\/span><\/a><\/span><\/li>\n<li><span style=\"color: #0000ff;\"><a href=\"http:\/\/motronik.com.pl\/wp-content\/uploads\/2014\/07\/f_interpretacja-ogolna-jednoznaczna_nazwa.pdf\" target=\"_blank\"><span style=\"color: #0000ff;\">interpretacja og\u00f3lna &#8211; jednoznaczna_nazwa z dnia 02 wrze\u015bnia 2013<\/span><\/a><\/span><\/li>\n<li><span style=\"color: #0000ff;\"><a href=\"http:\/\/powiat.mielec.pl\/~lg\/wordpress\/wp-content\/uploads\/2014\/05\/f_rmf_29_11_2008.pdf\" target=\"_blank\"><span style=\"color: #0000ff;\">w sprawie kryteri\u00f3w i warunk\u00f3w technicznych, kt\u00f3rym musz\u0105 odpowiada\u0107 kasy rejestruj\u0105ce oraz warunk\u00f3w ich stosowania z dnia 29 listopada 2008<\/span><\/a><\/span><\/li>\n<li><span style=\"color: #0000ff;\"><a href=\"http:\/\/powiat.mielec.pl\/~lg\/wordpress\/wp-content\/uploads\/2014\/05\/f_rmf_27_06_2008.pdf\" target=\"_blank\"><span style=\"color: #0000ff;\">w sprawie kas rejestruj\u0105cych z dnia 27 czerwca 2008<\/span><\/a><\/span><\/li>\n<li><span style=\"color: #0000ff;\"><a href=\"http:\/\/motronik.com.pl\/wp-content\/uploads\/2014\/05\/f_rmf_20_12_2007.pdf\" target=\"_blank\"><span style=\"color: #0000ff;\">w sprawie kas rejestruj\u0105cych z dnia 20 grudnia 2007<\/span><\/a><\/span><\/li>\n<li><span style=\"color: #0000ff;\"><a href=\"http:\/\/powiat.mielec.pl\/~lg\/wordpress\/wp-content\/uploads\/2014\/05\/f_rmf_04_07_2002.pdf\" target=\"_blank\"><span style=\"color: #0000ff;\">w sprawie kryteri\u00f3w i warunk\u00f3w kas rejestruj\u0105cych z dnia 04 lipca 2002<\/span><\/a><\/span><\/li>\n<\/ul>\n<h3>Rozporz\u0105dzenia Ministra Gospodarki:<\/h3>\n<ul>\n<li><span style=\"color: #0000ff;\"><a href=\"http:\/\/motronik.com.pl\/wp-content\/uploads\/2014\/07\/f_rmg-w-sprawie-kryteri\u00f3w-i-warunk\u00f3w-technicznych-kt\u00f3rym-musz\u0105-odpowiada\u0107-kasy-rejestruj\u0105ce-z-dnia-27-sierpnia-2013.pdf\" target=\"_blank\"><span style=\"color: #0000ff;\">w sprawie kryteri\u00f3w i warunk\u00f3w technicznych, kt\u00f3rym musz\u0105 odpowiada\u0107 kasy rejestruj\u0105ce z dnia 27 sierpnia 2013<\/span><\/a><\/span><\/li>\n<\/ul>\n","protected":false},"excerpt":{"rendered":"<p>Przydatne dokumenty dla posiadaczy urz\u0105dze\u0144 fiskalnych: Zawiadomienie Urz\u0119du Skarbowego o rozpocz\u0119ciu ewidencji\u00a0 przy zastosowaniu kas rejestruj\u0105cych przez podatnika Zawiadomienie Urz\u0119du Skarbowego o miejscu instalacji kasy rejestruj\u0105cej przez podatnika Wniosek o odczyt pami\u0119ci fiskalnej Wnioski o przekazanie serwisu urz\u0105dze\u0144 fiskalnych: Wniosek <a class=\"more-link\" href=\"https:\/\/motronik.com.pl\/index.php\/urzadzenia-fiskalne-2\/dokumenty-do-pobrania\/\">Czytaj wi\u0119cej&#8230;<\/a><\/p>\n","protected":false},"author":1,"featured_media":0,"parent":76,"menu_order":9,"comment_status":"closed","ping_status":"closed","template":"","meta":{"footnotes":""},"class_list":["post-404","page","type-page","status-publish","hentry"],"_links":{"self":[{"href":"https:\/\/motronik.com.pl\/index.php\/wp-json\/wp\/v2\/pages\/404","targetHints":{"allow":["GET"]}}],"collection":[{"href":"https:\/\/motronik.com.pl\/index.php\/wp-json\/wp\/v2\/pages"}],"about":[{"href":"https:\/\/motronik.com.pl\/index.php\/wp-json\/wp\/v2\/types\/page"}],"author":[{"embeddable":true,"href":"https:\/\/motronik.com.pl\/index.php\/wp-json\/wp\/v2\/users\/1"}],"replies":[{"embeddable":true,"href":"https:\/\/motronik.com.pl\/index.php\/wp-json\/wp\/v2\/comments?post=404"}],"version-history":[{"count":1,"href":"https:\/\/motronik.com.pl\/index.php\/wp-json\/wp\/v2\/pages\/404\/revisions"}],"predecessor-version":[{"id":405,"href":"https:\/\/motronik.com.pl\/index.php\/wp-json\/wp\/v2\/pages\/404\/revisions\/405"}],"up":[{"embeddable":true,"href":"https:\/\/motronik.com.pl\/index.php\/wp-json\/wp\/v2\/pages\/76"}],"wp:attachment":[{"href":"https:\/\/motronik.com.pl\/index.php\/wp-json\/wp\/v2\/media?parent=404"}],"curies":[{"name":"wp","href":"https:\/\/api.w.org\/{rel}","templated":true}]}}