{"id":613,"date":"2016-06-02T11:21:24","date_gmt":"2016-06-02T09:21:24","guid":{"rendered":"http:\/\/motronik.com.pl\/?page_id=613"},"modified":"2016-06-02T12:12:16","modified_gmt":"2016-06-02T10:12:16","slug":"instalacja-kamer-zewnetrznych","status":"publish","type":"page","link":"https:\/\/motronik.com.pl\/index.php\/urzadzenia-fiskalne\/162-2\/instalacja-kamer-zewnetrznych\/","title":{"rendered":"Instalacja kamer zewn\u0119trznych"},"content":{"rendered":"<p style=\"text-align: left;\">Kamery zewn\u0119trzne Eurometer posiadaj\u0105 dwa interfejsy sieciowe. Jeden WiFI i drugi LAN i instalacja przebiega nieco inaczej ni\u017c w przypadku kamer posiadaj\u0105cych tylko interfejs WIFI.<\/p>\n<p><a href=\"http:\/\/motronik.com.pl\/wp-content\/uploads\/2016\/06\/IMG_20160602_111325.jpg\"><img loading=\"lazy\" decoding=\"async\" class=\"aligncenter wp-image-616\" src=\"http:\/\/motronik.com.pl\/wp-content\/uploads\/2016\/06\/IMG_20160602_111325.jpg\" alt=\"IMG_20160602_111325\" width=\"600\" height=\"450\" srcset=\"https:\/\/motronik.com.pl\/wp-content\/uploads\/2016\/06\/IMG_20160602_111325.jpg 3264w, https:\/\/motronik.com.pl\/wp-content\/uploads\/2016\/06\/IMG_20160602_111325-300x225.jpg 300w, https:\/\/motronik.com.pl\/wp-content\/uploads\/2016\/06\/IMG_20160602_111325-768x576.jpg 768w, https:\/\/motronik.com.pl\/wp-content\/uploads\/2016\/06\/IMG_20160602_111325-1024x768.jpg 1024w\" sizes=\"auto, (max-width: 600px) 100vw, 600px\" \/><\/a><\/p>\n<p>Pierwszym krokiem jest pod\u0142\u0105czenie kamery do sieci poprzez interfejs LAN za pomoc\u0105 kabla sieciowego.<\/p>\n<p><a href=\"http:\/\/motronik.com.pl\/wp-content\/uploads\/2016\/06\/patchcord-0-5m-niebieski_2625.jpg\"><img loading=\"lazy\" decoding=\"async\" class=\"aligncenter wp-image-617\" src=\"http:\/\/motronik.com.pl\/wp-content\/uploads\/2016\/06\/patchcord-0-5m-niebieski_2625.jpg\" alt=\"patchcord-0-5m-niebieski_2625\" width=\"600\" height=\"414\" srcset=\"https:\/\/motronik.com.pl\/wp-content\/uploads\/2016\/06\/patchcord-0-5m-niebieski_2625.jpg 789w, https:\/\/motronik.com.pl\/wp-content\/uploads\/2016\/06\/patchcord-0-5m-niebieski_2625-300x207.jpg 300w, https:\/\/motronik.com.pl\/wp-content\/uploads\/2016\/06\/patchcord-0-5m-niebieski_2625-768x530.jpg 768w\" sizes=\"auto, (max-width: 600px) 100vw, 600px\" \/><\/a><\/p>\n<p>Je\u017celi nasz router wygl\u0105da podobnie jak poni\u017cej to kabel sieciowy wk\u0142adamy jedn\u0105 stron\u0105 w jedno z \u017c\u00f3\u0142tych gniazd, a drug\u0105 w gniazdo LAN kamery.<\/p>\n<p><a href=\"http:\/\/motronik.com.pl\/wp-content\/uploads\/2016\/06\/TL-MR3220-04.jpg\"><img loading=\"lazy\" decoding=\"async\" class=\"aligncenter wp-image-615\" src=\"http:\/\/motronik.com.pl\/wp-content\/uploads\/2016\/06\/TL-MR3220-04.jpg\" alt=\"TL-MR3220-04\" width=\"600\" height=\"451\" srcset=\"https:\/\/motronik.com.pl\/wp-content\/uploads\/2016\/06\/TL-MR3220-04.jpg 590w, https:\/\/motronik.com.pl\/wp-content\/uploads\/2016\/06\/TL-MR3220-04-300x225.jpg 300w\" sizes=\"auto, (max-width: 600px) 100vw, 600px\" \/><\/a><\/p>\n<p>Najpro\u015bciej do ustawiania po\u0142\u0105czenia WIFI jest wykorzysta\u0107 smartfon.<\/p>\n<p><a href=\"http:\/\/motronik.com.pl\/wp-content\/uploads\/2016\/06\/Screenshot_2016-06-02-11-07-06.png\"><img loading=\"lazy\" decoding=\"async\" class=\"wp-image-618 aligncenter\" src=\"http:\/\/motronik.com.pl\/wp-content\/uploads\/2016\/06\/Screenshot_2016-06-02-11-07-06.png\" alt=\"Screenshot_2016-06-02-11-07-06\" width=\"600\" height=\"1067\" srcset=\"https:\/\/motronik.com.pl\/wp-content\/uploads\/2016\/06\/Screenshot_2016-06-02-11-07-06.png 720w, https:\/\/motronik.com.pl\/wp-content\/uploads\/2016\/06\/Screenshot_2016-06-02-11-07-06-169x300.png 169w, https:\/\/motronik.com.pl\/wp-content\/uploads\/2016\/06\/Screenshot_2016-06-02-11-07-06-576x1024.png 576w\" sizes=\"auto, (max-width: 600px) 100vw, 600px\" \/><\/a><\/p>\n<p>Wybieramy aplikacj\u0119 p2pwificam i dodajemy now\u0105 kamer\u0119<\/p>\n<p><a href=\"http:\/\/motronik.com.pl\/wp-content\/uploads\/2016\/06\/Screenshot_2016-06-02-11-52-33a.png\"><img loading=\"lazy\" decoding=\"async\" class=\"wp-image-626 aligncenter\" src=\"http:\/\/motronik.com.pl\/wp-content\/uploads\/2016\/06\/Screenshot_2016-06-02-11-52-33a.png\" alt=\"Screenshot_2016-06-02-11-52-33a\" width=\"600\" height=\"1067\" srcset=\"https:\/\/motronik.com.pl\/wp-content\/uploads\/2016\/06\/Screenshot_2016-06-02-11-52-33a.png 720w, https:\/\/motronik.com.pl\/wp-content\/uploads\/2016\/06\/Screenshot_2016-06-02-11-52-33a-169x300.png 169w, https:\/\/motronik.com.pl\/wp-content\/uploads\/2016\/06\/Screenshot_2016-06-02-11-52-33a-576x1024.png 576w\" sizes=\"auto, (max-width: 600px) 100vw, 600px\" \/><\/a><\/p>\n<p>Numer ID kamery mo\u017cemy zeskanowa\u0107 z naklejki na kamerze lub pude\u0142ku za pomoc\u0105 kamery w smartfonie.<\/p>\n<p><a href=\"http:\/\/motronik.com.pl\/wp-content\/uploads\/2016\/06\/Screenshot_2016-06-02-11-08-17.png\"><img loading=\"lazy\" decoding=\"async\" class=\"wp-image-620 aligncenter\" src=\"http:\/\/motronik.com.pl\/wp-content\/uploads\/2016\/06\/Screenshot_2016-06-02-11-08-17.png\" alt=\"Screenshot_2016-06-02-11-08-17\" width=\"600\" height=\"1067\" srcset=\"https:\/\/motronik.com.pl\/wp-content\/uploads\/2016\/06\/Screenshot_2016-06-02-11-08-17.png 720w, https:\/\/motronik.com.pl\/wp-content\/uploads\/2016\/06\/Screenshot_2016-06-02-11-08-17-169x300.png 169w, https:\/\/motronik.com.pl\/wp-content\/uploads\/2016\/06\/Screenshot_2016-06-02-11-08-17-576x1024.png 576w\" sizes=\"auto, (max-width: 600px) 100vw, 600px\" \/><\/a><\/p>\n<p>Standardowym has\u0142em p2p jest admin dla u\u017cytkownika admin.<\/p>\n<p>Teraz powinni\u015bmy mie\u0107 ju\u017c dost\u0119p do kamery i edytuj\u0105c w\u0142a\u015bciwo\u015bci kamery wybieramy parametr WIFI setting.<\/p>\n<p><a href=\"http:\/\/motronik.com.pl\/wp-content\/uploads\/2016\/06\/Screenshot_2016-06-02-11-09-27.png\"><img loading=\"lazy\" decoding=\"async\" class=\"wp-image-621 aligncenter\" src=\"http:\/\/motronik.com.pl\/wp-content\/uploads\/2016\/06\/Screenshot_2016-06-02-11-09-27.png\" alt=\"Screenshot_2016-06-02-11-09-27\" width=\"600\" height=\"1067\" srcset=\"https:\/\/motronik.com.pl\/wp-content\/uploads\/2016\/06\/Screenshot_2016-06-02-11-09-27.png 720w, https:\/\/motronik.com.pl\/wp-content\/uploads\/2016\/06\/Screenshot_2016-06-02-11-09-27-169x300.png 169w, https:\/\/motronik.com.pl\/wp-content\/uploads\/2016\/06\/Screenshot_2016-06-02-11-09-27-576x1024.png 576w\" sizes=\"auto, (max-width: 600px) 100vw, 600px\" \/><\/a><\/p>\n<p>Wybieramy opcj\u0119 Search WIFI i mamy list\u0119 sieci WIFI kt\u00f3re s\u0105 w pobli\u017cu kamery.<\/p>\n<p><a href=\"http:\/\/motronik.com.pl\/wp-content\/uploads\/2016\/06\/Screenshot_2016-06-02-11-09-46.png\"><img loading=\"lazy\" decoding=\"async\" class=\"wp-image-622 aligncenter\" src=\"http:\/\/motronik.com.pl\/wp-content\/uploads\/2016\/06\/Screenshot_2016-06-02-11-09-46.png\" alt=\"Screenshot_2016-06-02-11-09-46\" width=\"600\" height=\"1067\" srcset=\"https:\/\/motronik.com.pl\/wp-content\/uploads\/2016\/06\/Screenshot_2016-06-02-11-09-46.png 720w, https:\/\/motronik.com.pl\/wp-content\/uploads\/2016\/06\/Screenshot_2016-06-02-11-09-46-169x300.png 169w, https:\/\/motronik.com.pl\/wp-content\/uploads\/2016\/06\/Screenshot_2016-06-02-11-09-46-576x1024.png 576w\" sizes=\"auto, (max-width: 600px) 100vw, 600px\" \/><\/a><\/p>\n<p>Wystarczy teraz wybra\u0107 sie\u0107 WIFI do kt\u00f3rej chcemy pod\u0142\u0105czy\u0107 kamer\u0119 i wpisa\u0107 has\u0142o sieciowe.<\/p>\n<p><a href=\"http:\/\/motronik.com.pl\/wp-content\/uploads\/2016\/06\/Screenshot_2016-06-02-11-10-11.png\"><img loading=\"lazy\" decoding=\"async\" class=\"wp-image-623 aligncenter\" src=\"http:\/\/motronik.com.pl\/wp-content\/uploads\/2016\/06\/Screenshot_2016-06-02-11-10-11.png\" alt=\"Screenshot_2016-06-02-11-10-11\" width=\"600\" height=\"1067\" srcset=\"https:\/\/motronik.com.pl\/wp-content\/uploads\/2016\/06\/Screenshot_2016-06-02-11-10-11.png 720w, https:\/\/motronik.com.pl\/wp-content\/uploads\/2016\/06\/Screenshot_2016-06-02-11-10-11-169x300.png 169w, https:\/\/motronik.com.pl\/wp-content\/uploads\/2016\/06\/Screenshot_2016-06-02-11-10-11-576x1024.png 576w\" sizes=\"auto, (max-width: 600px) 100vw, 600px\" \/><\/a><\/p>\n<p>Je\u017celi zrobili\u015bmy wszystko poprawnie kamera powinna po\u0142\u0105czy\u0107 si\u0119 z sieci\u0105 WIFI i powinna by\u0107 dost\u0119pna po od\u0142\u0105czeniu kabla sieciowego LAN.<\/p>\n<p>Menu kamer zewn\u0119trznych nie r\u00f3\u017cni si\u0119 od kamer wewn\u0119trznych Eurometer wi\u0119c ustawia si\u0119 je identycznie.<\/p>\n","protected":false},"excerpt":{"rendered":"<p>Kamery zewn\u0119trzne Eurometer posiadaj\u0105 dwa interfejsy sieciowe. Jeden WiFI i drugi LAN i instalacja przebiega nieco inaczej ni\u017c w przypadku kamer posiadaj\u0105cych tylko interfejs WIFI. Pierwszym krokiem jest pod\u0142\u0105czenie kamery do sieci poprzez interfejs LAN za pomoc\u0105 kabla sieciowego. Je\u017celi <a class=\"more-link\" href=\"https:\/\/motronik.com.pl\/index.php\/urzadzenia-fiskalne\/162-2\/instalacja-kamer-zewnetrznych\/\">Czytaj wi\u0119cej&#8230;<\/a><\/p>\n","protected":false},"author":1,"featured_media":0,"parent":162,"menu_order":3,"comment_status":"closed","ping_status":"closed","template":"","meta":{"footnotes":""},"class_list":["post-613","page","type-page","status-publish","hentry"],"_links":{"self":[{"href":"https:\/\/motronik.com.pl\/index.php\/wp-json\/wp\/v2\/pages\/613","targetHints":{"allow":["GET"]}}],"collection":[{"href":"https:\/\/motronik.com.pl\/index.php\/wp-json\/wp\/v2\/pages"}],"about":[{"href":"https:\/\/motronik.com.pl\/index.php\/wp-json\/wp\/v2\/types\/page"}],"author":[{"embeddable":true,"href":"https:\/\/motronik.com.pl\/index.php\/wp-json\/wp\/v2\/users\/1"}],"replies":[{"embeddable":true,"href":"https:\/\/motronik.com.pl\/index.php\/wp-json\/wp\/v2\/comments?post=613"}],"version-history":[{"count":5,"href":"https:\/\/motronik.com.pl\/index.php\/wp-json\/wp\/v2\/pages\/613\/revisions"}],"predecessor-version":[{"id":629,"href":"https:\/\/motronik.com.pl\/index.php\/wp-json\/wp\/v2\/pages\/613\/revisions\/629"}],"up":[{"embeddable":true,"href":"https:\/\/motronik.com.pl\/index.php\/wp-json\/wp\/v2\/pages\/162"}],"wp:attachment":[{"href":"https:\/\/motronik.com.pl\/index.php\/wp-json\/wp\/v2\/media?parent=613"}],"curies":[{"name":"wp","href":"https:\/\/api.w.org\/{rel}","templated":true}]}}