{"id":76,"date":"2015-10-11T11:19:47","date_gmt":"2015-10-11T09:19:47","guid":{"rendered":"http:\/\/test.motronik.com.pl\/?page_id=76"},"modified":"2016-04-15T15:47:23","modified_gmt":"2016-04-15T13:47:23","slug":"urzadzenia-fiskalne-2","status":"publish","type":"page","link":"https:\/\/motronik.com.pl\/index.php\/urzadzenia-fiskalne-2\/","title":{"rendered":"Urz\u0105dzenia fiskalne"},"content":{"rendered":"<p>Oferujemy pe\u0142n\u0105 gam\u0119 urz\u0105dze\u0144 fiskalnych wiod\u0105cych firm dzia\u0142aj\u0105cych na polskim rynku.<\/p>\n<p><a href=\"http:\/\/motronik.com.pl\/index.php\/urzadzenia-fiskalne-2\/kasy-male\/\" target=\"_blank\">Kasy ma\u0142e i kasy mobilne<\/a>\u00a0\u00a0 \u00a0<a href=\"http:\/\/motronik.com.pl\/wp-content\/uploads\/2016\/03\/posnet_mobile_08_posnet_fancybox.jpg\" rel=\"attachment wp-att-463\"><img loading=\"lazy\" decoding=\"async\" class=\"alignnone wp-image-463\" src=\"http:\/\/motronik.com.pl\/wp-content\/uploads\/2016\/03\/posnet_mobile_08_posnet_fancybox.jpg\" alt=\"posnet_mobile_08_posnet_fancybox\" width=\"157\" height=\"88\" srcset=\"https:\/\/motronik.com.pl\/wp-content\/uploads\/2016\/03\/posnet_mobile_08_posnet_fancybox.jpg 950w, https:\/\/motronik.com.pl\/wp-content\/uploads\/2016\/03\/posnet_mobile_08_posnet_fancybox-300x168.jpg 300w, https:\/\/motronik.com.pl\/wp-content\/uploads\/2016\/03\/posnet_mobile_08_posnet_fancybox-768x431.jpg 768w, https:\/\/motronik.com.pl\/wp-content\/uploads\/2016\/03\/posnet_mobile_08_posnet_fancybox-400x225.jpg 400w, https:\/\/motronik.com.pl\/wp-content\/uploads\/2016\/03\/posnet_mobile_08_posnet_fancybox-780x439.jpg 780w\" sizes=\"auto, (max-width: 157px) 100vw, 157px\" \/><\/a><\/p>\n<p><a href=\"http:\/\/motronik.com.pl\/wp-content\/uploads\/2015\/10\/sento_0001.png\" rel=\"attachment wp-att-326\"><img loading=\"lazy\" decoding=\"async\" class=\"alignnone wp-image-326\" src=\"http:\/\/motronik.com.pl\/wp-content\/uploads\/2015\/10\/sento_0001.png\" alt=\"sento_0001\" width=\"134\" height=\"100\" srcset=\"https:\/\/motronik.com.pl\/wp-content\/uploads\/2015\/10\/sento_0001.png 1200w, https:\/\/motronik.com.pl\/wp-content\/uploads\/2015\/10\/sento_0001-300x225.png 300w, https:\/\/motronik.com.pl\/wp-content\/uploads\/2015\/10\/sento_0001-1024x768.png 1024w, https:\/\/motronik.com.pl\/wp-content\/uploads\/2015\/10\/sento_0001-768x576.png 768w, https:\/\/motronik.com.pl\/wp-content\/uploads\/2015\/10\/sento_0001-148x111.png 148w, https:\/\/motronik.com.pl\/wp-content\/uploads\/2015\/10\/sento_0001-31x23.png 31w, https:\/\/motronik.com.pl\/wp-content\/uploads\/2015\/10\/sento_0001-38x29.png 38w, https:\/\/motronik.com.pl\/wp-content\/uploads\/2015\/10\/sento_0001-287x215.png 287w\" sizes=\"auto, (max-width: 134px) 100vw, 134px\" \/><\/a>\u00a0 \u00a0<a href=\"http:\/\/motronik.com.pl\/index.php\/urzadzenia-fiskalne-2\/kasy-srednie\/\" target=\"_blank\">Kasy \u015brednie<\/a><\/p>\n<p><a href=\"http:\/\/motronik.com.pl\/index.php\/urzadzenia-fiskalne-2\/kasy-systemowe\/\" target=\"_blank\">Kasy systemowe<\/a>\u00a0<a href=\"http:\/\/motronik.com.pl\/wp-content\/uploads\/2015\/10\/ps-4000-e_snw.jpg\" rel=\"attachment wp-att-337\"><img loading=\"lazy\" decoding=\"async\" class=\"alignnone wp-image-337\" src=\"http:\/\/motronik.com.pl\/wp-content\/uploads\/2015\/10\/ps-4000-e_snw.jpg\" alt=\"ps-4000-e_snw\" width=\"136\" height=\"109\" srcset=\"https:\/\/motronik.com.pl\/wp-content\/uploads\/2015\/10\/ps-4000-e_snw.jpg 1000w, https:\/\/motronik.com.pl\/wp-content\/uploads\/2015\/10\/ps-4000-e_snw-300x240.jpg 300w, https:\/\/motronik.com.pl\/wp-content\/uploads\/2015\/10\/ps-4000-e_snw-768x614.jpg 768w, https:\/\/motronik.com.pl\/wp-content\/uploads\/2015\/10\/ps-4000-e_snw-148x118.jpg 148w, https:\/\/motronik.com.pl\/wp-content\/uploads\/2015\/10\/ps-4000-e_snw-31x25.jpg 31w, https:\/\/motronik.com.pl\/wp-content\/uploads\/2015\/10\/ps-4000-e_snw-38x30.jpg 38w, https:\/\/motronik.com.pl\/wp-content\/uploads\/2015\/10\/ps-4000-e_snw-269x215.jpg 269w\" sizes=\"auto, (max-width: 136px) 100vw, 136px\" \/><\/a><\/p>\n<p><a href=\"http:\/\/motronik.com.pl\/wp-content\/uploads\/2016\/04\/Thermal-HD-zdjecie-1-e1460226938694.jpg\" rel=\"attachment wp-att-523\"><img loading=\"lazy\" decoding=\"async\" class=\"alignnone wp-image-523\" src=\"http:\/\/motronik.com.pl\/wp-content\/uploads\/2016\/04\/Thermal-HD-zdjecie-1-e1460226938694.jpg\" alt=\"Thermal HD - zdjecie 1\" width=\"112\" height=\"112\" \/><\/a>\u00a0<a href=\"http:\/\/motronik.com.pl\/index.php\/urzadzenia-fiskalne-2\/drukarki-fiskalne\/\" target=\"_blank\">Drukarki fiskalne<\/a><\/p>\n<p><a href=\"http:\/\/motronik.com.pl\/index.php\/urzadzenia-fiskalne-2\/terminal-fiskalny\/\" target=\"_blank\">Terminal fiskalny<\/a>\u00a0<a href=\"http:\/\/motronik.com.pl\/wp-content\/uploads\/2015\/10\/110x130xTerminal-fiskalny-Thermal-HD-3217_posnet_190x130.png.pagespeed.ic_.ZfYf8MxLyl.png\" rel=\"attachment wp-att-160\"><img loading=\"lazy\" decoding=\"async\" class=\"alignnone size-full wp-image-160\" src=\"http:\/\/motronik.com.pl\/wp-content\/uploads\/2015\/10\/110x130xTerminal-fiskalny-Thermal-HD-3217_posnet_190x130.png.pagespeed.ic_.ZfYf8MxLyl.png\" alt=\"110x130xTerminal-fiskalny-Thermal-HD-3217_posnet_190x130.png.pagespeed.ic.ZfYf8MxLyl\" width=\"110\" height=\"130\" srcset=\"https:\/\/motronik.com.pl\/wp-content\/uploads\/2015\/10\/110x130xTerminal-fiskalny-Thermal-HD-3217_posnet_190x130.png.pagespeed.ic_.ZfYf8MxLyl.png 110w, https:\/\/motronik.com.pl\/wp-content\/uploads\/2015\/10\/110x130xTerminal-fiskalny-Thermal-HD-3217_posnet_190x130.png.pagespeed.ic_.ZfYf8MxLyl-26x31.png 26w, https:\/\/motronik.com.pl\/wp-content\/uploads\/2015\/10\/110x130xTerminal-fiskalny-Thermal-HD-3217_posnet_190x130.png.pagespeed.ic_.ZfYf8MxLyl-32x38.png 32w\" sizes=\"auto, (max-width: 110px) 100vw, 110px\" \/><\/a><\/p>\n","protected":false},"excerpt":{"rendered":"<p>Oferujemy pe\u0142n\u0105 gam\u0119 urz\u0105dze\u0144 fiskalnych wiod\u0105cych firm dzia\u0142aj\u0105cych na polskim rynku. Kasy ma\u0142e i kasy mobilne\u00a0\u00a0 \u00a0 \u00a0 \u00a0Kasy \u015brednie Kasy systemowe\u00a0 \u00a0Drukarki fiskalne Terminal fiskalny\u00a0<\/p>\n","protected":false},"author":1,"featured_media":298,"parent":0,"menu_order":1,"comment_status":"closed","ping_status":"closed","template":"","meta":{"footnotes":""},"class_list":["post-76","page","type-page","status-publish","has-post-thumbnail","hentry"],"_links":{"self":[{"href":"https:\/\/motronik.com.pl\/index.php\/wp-json\/wp\/v2\/pages\/76","targetHints":{"allow":["GET"]}}],"collection":[{"href":"https:\/\/motronik.com.pl\/index.php\/wp-json\/wp\/v2\/pages"}],"about":[{"href":"https:\/\/motronik.com.pl\/index.php\/wp-json\/wp\/v2\/types\/page"}],"author":[{"embeddable":true,"href":"https:\/\/motronik.com.pl\/index.php\/wp-json\/wp\/v2\/users\/1"}],"replies":[{"embeddable":true,"href":"https:\/\/motronik.com.pl\/index.php\/wp-json\/wp\/v2\/comments?post=76"}],"version-history":[{"count":10,"href":"https:\/\/motronik.com.pl\/index.php\/wp-json\/wp\/v2\/pages\/76\/revisions"}],"predecessor-version":[{"id":549,"href":"https:\/\/motronik.com.pl\/index.php\/wp-json\/wp\/v2\/pages\/76\/revisions\/549"}],"wp:featuredmedia":[{"embeddable":true,"href":"https:\/\/motronik.com.pl\/index.php\/wp-json\/wp\/v2\/media\/298"}],"wp:attachment":[{"href":"https:\/\/motronik.com.pl\/index.php\/wp-json\/wp\/v2\/media?parent=76"}],"curies":[{"name":"wp","href":"https:\/\/api.w.org\/{rel}","templated":true}]}}