{"id":77,"date":"2015-10-07T19:01:57","date_gmt":"2015-10-07T17:01:57","guid":{"rendered":"http:\/\/test.motronik.com.pl\/?page_id=77"},"modified":"2016-04-06T15:17:40","modified_gmt":"2016-04-06T13:17:40","slug":"urzadzenia-fiskalne","status":"publish","type":"page","link":"https:\/\/motronik.com.pl\/index.php\/urzadzenia-fiskalne\/","title":{"rendered":"Monitoring"},"content":{"rendered":"<p><a href=\"http:\/\/test.motronik.com.pl\/index.php\/urzadzenia-fiskalne\/kamery-colin\/\" target=\"_blank\">Systemy kamerowe \u015bwiat\u0142a bia\u0142ego<\/a>\u00a0 \u00a0 \u00a0 \u00a0 \u00a0 \u00a0\u00a0<a href=\"http:\/\/test.motronik.com.pl\/wp-content\/uploads\/2016\/03\/Colin_swieci.png\" rel=\"attachment wp-att-396\"><img loading=\"lazy\" decoding=\"async\" class=\"alignnone  wp-image-396\" src=\"http:\/\/test.motronik.com.pl\/wp-content\/uploads\/2016\/03\/Colin_swieci.png\" alt=\"Colin_swieci\" width=\"304\" height=\"188\" srcset=\"https:\/\/motronik.com.pl\/wp-content\/uploads\/2016\/03\/Colin_swieci.png 755w, https:\/\/motronik.com.pl\/wp-content\/uploads\/2016\/03\/Colin_swieci-300x186.png 300w, https:\/\/motronik.com.pl\/wp-content\/uploads\/2016\/03\/Colin_swieci-148x92.png 148w, https:\/\/motronik.com.pl\/wp-content\/uploads\/2016\/03\/Colin_swieci-31x19.png 31w, https:\/\/motronik.com.pl\/wp-content\/uploads\/2016\/03\/Colin_swieci-38x24.png 38w, https:\/\/motronik.com.pl\/wp-content\/uploads\/2016\/03\/Colin_swieci-347x215.png 347w\" sizes=\"auto, (max-width: 304px) 100vw, 304px\" \/><\/a><\/p>\n<p>&nbsp;<\/p>\n<p><a href=\"http:\/\/test.motronik.com.pl\/wp-content\/uploads\/2015\/10\/kamera.jpg\" rel=\"attachment wp-att-156\"><img loading=\"lazy\" decoding=\"async\" class=\"alignnone  wp-image-156\" src=\"http:\/\/test.motronik.com.pl\/wp-content\/uploads\/2015\/10\/kamera.jpg\" alt=\"kamera\" width=\"127\" height=\"163\" srcset=\"https:\/\/motronik.com.pl\/wp-content\/uploads\/2015\/10\/kamera.jpg 300w, https:\/\/motronik.com.pl\/wp-content\/uploads\/2015\/10\/kamera-234x300.jpg 234w, https:\/\/motronik.com.pl\/wp-content\/uploads\/2015\/10\/kamera-115x148.jpg 115w, https:\/\/motronik.com.pl\/wp-content\/uploads\/2015\/10\/kamera-24x31.jpg 24w, https:\/\/motronik.com.pl\/wp-content\/uploads\/2015\/10\/kamera-30x38.jpg 30w, https:\/\/motronik.com.pl\/wp-content\/uploads\/2015\/10\/kamera-168x215.jpg 168w\" sizes=\"auto, (max-width: 127px) 100vw, 127px\" \/><\/a>\u00a0<a href=\"http:\/\/test.motronik.com.pl\/index.php\/urzadzenia-fiskalne\/162-2\/\" target=\"_blank\">Multi funkcyjna kamera do domu i biura<\/a><\/p>\n","protected":false},"excerpt":{"rendered":"<p>Systemy kamerowe \u015bwiat\u0142a bia\u0142ego\u00a0 \u00a0 \u00a0 \u00a0 \u00a0 \u00a0\u00a0 &nbsp; \u00a0Multi funkcyjna kamera do domu i biura<\/p>\n","protected":false},"author":1,"featured_media":286,"parent":0,"menu_order":3,"comment_status":"closed","ping_status":"closed","template":"","meta":{"footnotes":""},"class_list":["post-77","page","type-page","status-publish","has-post-thumbnail","hentry"],"_links":{"self":[{"href":"https:\/\/motronik.com.pl\/index.php\/wp-json\/wp\/v2\/pages\/77","targetHints":{"allow":["GET"]}}],"collection":[{"href":"https:\/\/motronik.com.pl\/index.php\/wp-json\/wp\/v2\/pages"}],"about":[{"href":"https:\/\/motronik.com.pl\/index.php\/wp-json\/wp\/v2\/types\/page"}],"author":[{"embeddable":true,"href":"https:\/\/motronik.com.pl\/index.php\/wp-json\/wp\/v2\/users\/1"}],"replies":[{"embeddable":true,"href":"https:\/\/motronik.com.pl\/index.php\/wp-json\/wp\/v2\/comments?post=77"}],"version-history":[{"count":7,"href":"https:\/\/motronik.com.pl\/index.php\/wp-json\/wp\/v2\/pages\/77\/revisions"}],"predecessor-version":[{"id":508,"href":"https:\/\/motronik.com.pl\/index.php\/wp-json\/wp\/v2\/pages\/77\/revisions\/508"}],"wp:featuredmedia":[{"embeddable":true,"href":"https:\/\/motronik.com.pl\/index.php\/wp-json\/wp\/v2\/media\/286"}],"wp:attachment":[{"href":"https:\/\/motronik.com.pl\/index.php\/wp-json\/wp\/v2\/media?parent=77"}],"curies":[{"name":"wp","href":"https:\/\/api.w.org\/{rel}","templated":true}]}}