{"id":79,"date":"2015-10-07T19:02:41","date_gmt":"2015-10-07T17:02:41","guid":{"rendered":"http:\/\/test.motronik.com.pl\/?page_id=79"},"modified":"2016-05-06T11:27:33","modified_gmt":"2016-05-06T09:27:33","slug":"komputery-i-czesci-komputerowe","status":"publish","type":"page","link":"https:\/\/motronik.com.pl\/index.php\/komputery-i-czesci-komputerowe\/","title":{"rendered":"Programy i systemy"},"content":{"rendered":"<p>&nbsp;<\/p>\n<p>Sprzedajemy i wdra\u017camy programy do prowadzenia firm jak r\u00f3wnie\u017c zaawansowane systemy sprzeda\u017cy.<\/p>\n","protected":false},"excerpt":{"rendered":"<p>&nbsp; Sprzedajemy i wdra\u017camy programy do prowadzenia firm jak r\u00f3wnie\u017c zaawansowane systemy sprzeda\u017cy.<\/p>\n","protected":false},"author":1,"featured_media":600,"parent":0,"menu_order":0,"comment_status":"closed","ping_status":"closed","template":"","meta":{"footnotes":""},"class_list":["post-79","page","type-page","status-publish","has-post-thumbnail","hentry"],"_links":{"self":[{"href":"https:\/\/motronik.com.pl\/index.php\/wp-json\/wp\/v2\/pages\/79","targetHints":{"allow":["GET"]}}],"collection":[{"href":"https:\/\/motronik.com.pl\/index.php\/wp-json\/wp\/v2\/pages"}],"about":[{"href":"https:\/\/motronik.com.pl\/index.php\/wp-json\/wp\/v2\/types\/page"}],"author":[{"embeddable":true,"href":"https:\/\/motronik.com.pl\/index.php\/wp-json\/wp\/v2\/users\/1"}],"replies":[{"embeddable":true,"href":"https:\/\/motronik.com.pl\/index.php\/wp-json\/wp\/v2\/comments?post=79"}],"version-history":[{"count":12,"href":"https:\/\/motronik.com.pl\/index.php\/wp-json\/wp\/v2\/pages\/79\/revisions"}],"predecessor-version":[{"id":601,"href":"https:\/\/motronik.com.pl\/index.php\/wp-json\/wp\/v2\/pages\/79\/revisions\/601"}],"wp:featuredmedia":[{"embeddable":true,"href":"https:\/\/motronik.com.pl\/index.php\/wp-json\/wp\/v2\/media\/600"}],"wp:attachment":[{"href":"https:\/\/motronik.com.pl\/index.php\/wp-json\/wp\/v2\/media?parent=79"}],"curies":[{"name":"wp","href":"https:\/\/api.w.org\/{rel}","templated":true}]}}