{"id":794,"date":"2025-10-06T13:22:31","date_gmt":"2025-10-06T11:22:31","guid":{"rendered":"https:\/\/motronik.com.pl\/?page_id=794"},"modified":"2025-12-20T10:22:21","modified_gmt":"2025-12-20T09:22:21","slug":"insert","status":"publish","type":"page","link":"https:\/\/motronik.com.pl\/index.php\/insert\/","title":{"rendered":"Insert"},"content":{"rendered":"\n<h2 class=\"wp-block-heading\">Pobierz wersj\u0119 testow\u0105 programu<\/h2>\n\n\n<div class=\"wp-block-image\">\n<figure class=\"aligncenter size-full\"><a href=\"http:\/\/motronik.com.pl\/wp-content\/uploads\/2025\/12\/KSeF.png\"><img loading=\"lazy\" decoding=\"async\" width=\"287\" height=\"76\" src=\"http:\/\/motronik.com.pl\/wp-content\/uploads\/2025\/12\/KSeF.png\" alt=\"\" class=\"wp-image-799\"\/><\/a><\/figure><\/div>\n\n\n<p>45 dni pe\u0142nej funkcjonalno\u015bci<\/p>\n\n\n\n<p>Poznaj najpopularniejsze programy dla firm w Polsce. Przygotowali\u015bmy dwie linie aplikacji na komputery stacjonarne. W obu znajdziesz systemy do obs\u0142ugi ka\u017cdego obszaru dzia\u0142alno\u015bci firmy. Wystarczy pobra\u0107 je i zainstalowa\u0107 na komputerze, by cieszy\u0107 si\u0119 w okresie testowym z pe\u0142nej funkcjonalno\u015bci rozwi\u0105za\u0144.<\/p>\n\n\n\n<div class=\"wp-block-columns is-layout-flex wp-container-core-columns-is-layout-9d6595d7 wp-block-columns-is-layout-flex\">\n<div class=\"wp-block-column is-layout-flow wp-block-column-is-layout-flow\">\n<figure class=\"wp-block-image size-full\"><a href=\"http:\/\/motronik.com.pl\/wp-content\/uploads\/2025\/10\/nexo_pro_i_v2.png\"><img loading=\"lazy\" decoding=\"async\" width=\"160\" height=\"160\" src=\"http:\/\/motronik.com.pl\/wp-content\/uploads\/2025\/10\/nexo_pro_i_v2.png\" alt=\"\" class=\"wp-image-787\" srcset=\"https:\/\/motronik.com.pl\/wp-content\/uploads\/2025\/10\/nexo_pro_i_v2.png 160w, https:\/\/motronik.com.pl\/wp-content\/uploads\/2025\/10\/nexo_pro_i_v2-150x150.png 150w\" sizes=\"auto, (max-width: 160px) 100vw, 160px\" \/><\/a><\/figure>\n<\/div>\n\n\n\n<div class=\"wp-block-column is-layout-flow wp-block-column-is-layout-flow\">\n<figure class=\"wp-block-image size-full\"><a href=\"http:\/\/motronik.com.pl\/wp-content\/uploads\/2025\/10\/gt_i_v2.png\"><img loading=\"lazy\" decoding=\"async\" width=\"160\" height=\"160\" src=\"http:\/\/motronik.com.pl\/wp-content\/uploads\/2025\/10\/gt_i_v2.png\" alt=\"\" class=\"wp-image-783\" srcset=\"https:\/\/motronik.com.pl\/wp-content\/uploads\/2025\/10\/gt_i_v2.png 160w, https:\/\/motronik.com.pl\/wp-content\/uploads\/2025\/10\/gt_i_v2-150x150.png 150w\" sizes=\"auto, (max-width: 160px) 100vw, 160px\" \/><\/a><\/figure>\n<\/div>\n<\/div>\n\n\n\n<div class=\"wp-block-columns is-layout-flex wp-container-core-columns-is-layout-9d6595d7 wp-block-columns-is-layout-flex\">\n<div class=\"wp-block-column is-layout-flow wp-block-column-is-layout-flow\">\n<h3 class=\"wp-block-heading\"><a href=\"https:\/\/pobierz.insert.com.pl\/wersja_probna.html?line=nexo\">InsERT nexo\/nexo PRO<\/a><\/h3>\n\n\n\n<ul class=\"wp-block-list\">\n<li><a href=\"https:\/\/www.insert.com.pl\/programy_dla_firm\/sprzedaz\/subiekt_nexo\/opis.html\"><strong>Subiekt nexo\/nexo PRO<\/strong><br>sprzeda\u017c i magazyn<\/a><\/li>\n\n\n\n<li><a href=\"https:\/\/www.insert.com.pl\/programy_dla_firm\/ksiegowosc_i_finanse\/rachmistrz_nexo\/opis.html\"><strong>Rachmistrz nexo\/nexo PRO<\/strong><br>ksi\u0119ga przychod\u00f3w i rozchod\u00f3w<\/a><\/li>\n\n\n\n<li><a href=\"https:\/\/www.insert.com.pl\/programy_dla_firm\/ksiegowosc_i_finanse\/rewizor_nexo\/opis.html\"><strong>Rewizor nexo\/nexo PRO<\/strong><br>pe\u0142na ksi\u0119gowo\u015b\u0107<\/a><\/li>\n\n\n\n<li><a href=\"https:\/\/www.insert.com.pl\/programy_dla_firm\/kadry_i_place\/gratyfikant_nexo\/opis.html\"><strong>Gratyfikant nexo\/nexo PRO<\/strong><br>kadry i p\u0142ace<\/a><\/li>\n\n\n\n<li><a href=\"https:\/\/www.insert.com.pl\/programy_dla_firm\/sprzedaz\/gestor_nexo\/opis.html\"><strong>Gestor nexo\/nexo PRO<\/strong><br>relacje z klientami<\/a><\/li>\n\n\n\n<li><a href=\"https:\/\/www.insert.com.pl\/programy_dla_firm\/ksiegowosc_i_finanse\/biuro_nexo\/opis.html\"><strong>Biuro nexo<\/strong><br>biura rachunkowe<\/a><\/li>\n\n\n\n<li><a href=\"https:\/\/www.sello.pl\/\" target=\"_blank\" rel=\"noreferrer noopener\"><strong>Sello NX<\/strong><br>sprzeda\u017c internetowa<\/a><\/li>\n<\/ul>\n<\/div>\n\n\n\n<div class=\"wp-block-column is-layout-flow wp-block-column-is-layout-flow\">\n<h3 class=\"wp-block-heading\"><a href=\"https:\/\/pobierz.insert.com.pl\/wersja_probna.html?line=gt\">InsERT GT<\/a><\/h3>\n\n\n\n<ul class=\"wp-block-list\">\n<li><a href=\"https:\/\/www.insert.com.pl\/programy_dla_firm\/sprzedaz\/subiekt_gt\/opis.html\"><strong>Subiekt GT<\/strong><br>sprzeda\u017c i magazyn<\/a><\/li>\n\n\n\n<li><a href=\"https:\/\/www.insert.com.pl\/programy_dla_firm\/ksiegowosc_i_finanse\/rachmistrz_gt\/opis.html\"><strong>Rachmistrz GT<\/strong><br>ksi\u0119ga przychod\u00f3w i rozchod\u00f3w<\/a><\/li>\n\n\n\n<li><a href=\"https:\/\/www.insert.com.pl\/programy_dla_firm\/ksiegowosc_i_finanse\/rewizor_gt\/opis.html\"><strong>Rewizor GT<\/strong><br>pe\u0142na ksi\u0119gowo\u015b\u0107<\/a><\/li>\n\n\n\n<li><a href=\"https:\/\/www.insert.com.pl\/programy_dla_firm\/kadry_i_place\/gratyfikant_gt\/opis.html\"><strong>Gratyfikant GT<\/strong><br>kadry i p\u0142ace<\/a><\/li>\n\n\n\n<li><a href=\"https:\/\/www.insert.com.pl\/programy_dla_firm\/sprzedaz\/gestor_gt\/opis.html\"><strong>Gestor GT<\/strong><br>relacje z klientami<\/a><\/li>\n\n\n\n<li><a href=\"https:\/\/www.insert.com.pl\/programy_dla_firm\/ksiegowosc_i_finanse\/biuro_gt\/opis.html\"><strong>Biuro GT<\/strong><br>biura rachunkowe<\/a><\/li>\n<\/ul>\n<\/div>\n<\/div>\n\n\n\n<h2 class=\"wp-block-heading\">Aplikacje webowe i e-commerce<\/h2>\n\n\n\n<p>Nasze aplikacje webowe Subiekt123 i zarezerwuj.pl pomog\u0105 Ci prowadzi\u0107 firm\u0119 z dowolnego miejsca i na dowolnym urz\u0105dzeniu (komputer, smartfon lub tablet). Mo\u017cesz testowa\u0107 je ca\u0142kiem za darmo przez miesi\u0105c. A je\u015bli chcesz prowadzi\u0107 sklep internetowy poznaj program do zarz\u0105dzania e-sklepem vednero.<\/p>\n\n\n\n<div class=\"wp-block-columns is-layout-flex wp-container-core-columns-is-layout-9d6595d7 wp-block-columns-is-layout-flex\">\n<div class=\"wp-block-column is-layout-flow wp-block-column-is-layout-flow\">\n<figure class=\"wp-block-image size-full\"><a href=\"http:\/\/motronik.com.pl\/wp-content\/uploads\/2025\/10\/subiekt_123_i_v2.png\"><img loading=\"lazy\" decoding=\"async\" width=\"160\" height=\"160\" src=\"http:\/\/motronik.com.pl\/wp-content\/uploads\/2025\/10\/subiekt_123_i_v2.png\" alt=\"\" class=\"wp-image-790\" srcset=\"https:\/\/motronik.com.pl\/wp-content\/uploads\/2025\/10\/subiekt_123_i_v2.png 160w, https:\/\/motronik.com.pl\/wp-content\/uploads\/2025\/10\/subiekt_123_i_v2-150x150.png 150w\" sizes=\"auto, (max-width: 160px) 100vw, 160px\" \/><\/a><\/figure>\n<\/div>\n\n\n\n<div class=\"wp-block-column is-layout-flow wp-block-column-is-layout-flow\">\n<figure class=\"wp-block-image size-full\"><a href=\"http:\/\/motronik.com.pl\/wp-content\/uploads\/2025\/10\/zarezerwuj_pl_i_v2.png\"><img loading=\"lazy\" decoding=\"async\" width=\"160\" height=\"160\" src=\"http:\/\/motronik.com.pl\/wp-content\/uploads\/2025\/10\/zarezerwuj_pl_i_v2.png\" alt=\"\" class=\"wp-image-780\" srcset=\"https:\/\/motronik.com.pl\/wp-content\/uploads\/2025\/10\/zarezerwuj_pl_i_v2.png 160w, https:\/\/motronik.com.pl\/wp-content\/uploads\/2025\/10\/zarezerwuj_pl_i_v2-150x150.png 150w\" sizes=\"auto, (max-width: 160px) 100vw, 160px\" \/><\/a><\/figure>\n<\/div>\n<\/div>\n\n\n\n<div class=\"wp-block-columns is-layout-flex wp-container-core-columns-is-layout-9d6595d7 wp-block-columns-is-layout-flex\">\n<div class=\"wp-block-column is-layout-flow wp-block-column-is-layout-flow\">\n<p><a href=\"https:\/\/subiekt123.pl\/\" target=\"_blank\" rel=\"noreferrer noopener\">Subiekt 123<\/a><\/p>\n<\/div>\n\n\n\n<div class=\"wp-block-column is-layout-flow wp-block-column-is-layout-flow\">\n<p><a href=\"https:\/\/zarezerwuj.pl\/\" target=\"_blank\" rel=\"noreferrer noopener\">zarezerwuj.pl<\/a><\/p>\n<\/div>\n<\/div>\n\n\n\n<div class=\"wp-block-columns are-vertically-aligned-top is-layout-flex wp-container-core-columns-is-layout-9d6595d7 wp-block-columns-is-layout-flex\">\n<div class=\"wp-block-column is-vertically-aligned-top is-layout-flow wp-block-column-is-layout-flow\">\n<ul class=\"wp-block-list\">\n<li>Faktury i paragony<\/li>\n\n\n\n<li>Us\u0142ugi i towary<\/li>\n\n\n\n<li>Zestawienia<\/li>\n\n\n\n<li>Klienci<\/li>\n\n\n\n<li>JPK, wkr\u00f3tce KsEF<\/li>\n<\/ul>\n<\/div>\n\n\n\n<div class=\"wp-block-column is-vertically-aligned-top is-layout-flow wp-block-column-is-layout-flow\">\n<ul class=\"wp-block-list\">\n<li>rezerwacje godzinowe<\/li>\n\n\n\n<li>wypo\u017cyczenia<\/li>\n\n\n\n<li>wynajem<\/li>\n\n\n\n<li>zapisy na zaj\u0119cia, szkolenia<br>i inne wydarzenia<\/li>\n<\/ul>\n<\/div>\n<\/div>\n\n\n\n<div class=\"wp-block-columns is-layout-flex wp-container-core-columns-is-layout-9d6595d7 wp-block-columns-is-layout-flex\">\n<div class=\"wp-block-column is-layout-flow wp-block-column-is-layout-flow\">\n<figure class=\"wp-block-image size-full\"><a href=\"http:\/\/motronik.com.pl\/wp-content\/uploads\/2025\/10\/vendero_i_v2.png\"><img loading=\"lazy\" decoding=\"async\" width=\"160\" height=\"160\" src=\"http:\/\/motronik.com.pl\/wp-content\/uploads\/2025\/10\/vendero_i_v2.png\" alt=\"\" class=\"wp-image-779\" srcset=\"https:\/\/motronik.com.pl\/wp-content\/uploads\/2025\/10\/vendero_i_v2.png 160w, https:\/\/motronik.com.pl\/wp-content\/uploads\/2025\/10\/vendero_i_v2-150x150.png 150w\" sizes=\"auto, (max-width: 160px) 100vw, 160px\" \/><\/a><\/figure>\n<\/div>\n\n\n\n<div class=\"wp-block-column is-layout-flow wp-block-column-is-layout-flow\">\n<figure class=\"wp-block-image size-full\"><a href=\"http:\/\/motronik.com.pl\/wp-content\/uploads\/2025\/10\/placowka_medyczna_i.png\"><img loading=\"lazy\" decoding=\"async\" width=\"160\" height=\"162\" src=\"http:\/\/motronik.com.pl\/wp-content\/uploads\/2025\/10\/placowka_medyczna_i.png\" alt=\"\" class=\"wp-image-788\"\/><\/a><\/figure>\n<\/div>\n<\/div>\n\n\n\n<div class=\"wp-block-columns is-layout-flex wp-container-core-columns-is-layout-9d6595d7 wp-block-columns-is-layout-flex\">\n<div class=\"wp-block-column is-layout-flow wp-block-column-is-layout-flow\">\n<p><a href=\"https:\/\/vendero.pl\/\" target=\"_blank\" rel=\"noreferrer noopener\">vendero<\/a><\/p>\n<\/div>\n\n\n\n<div class=\"wp-block-column is-layout-flow wp-block-column-is-layout-flow\">\n<p><a href=\"https:\/\/lekarzplus.pl\/\" target=\"_blank\" rel=\"noreferrer noopener\">Lekarz PLUS<\/a><\/p>\n<\/div>\n<\/div>\n\n\n\n<div class=\"wp-block-columns is-layout-flex wp-container-core-columns-is-layout-9d6595d7 wp-block-columns-is-layout-flex\">\n<div class=\"wp-block-column is-layout-flow wp-block-column-is-layout-flow\">\n<ul class=\"wp-block-list\">\n<li>Sklep internetowy<\/li>\n\n\n\n<li>Witryna z ofert\u0105<\/li>\n\n\n\n<li>Firmowy serwis WWW<\/li>\n<\/ul>\n<\/div>\n\n\n\n<div class=\"wp-block-column is-layout-flow wp-block-column-is-layout-flow\">\n<ul class=\"wp-block-list\">\n<li>Program dla gabinet\u00f3w lekarskich i przychodni<\/li>\n\n\n\n<li>zarz\u0105dzanie wizytami<\/li>\n\n\n\n<li>e-Recepty, e-Skierowania, e-Zwolnienia<\/li>\n\n\n\n<li>informacje o pacjentach<\/li>\n\n\n\n<li>integracja z systemami NFZ, P1, eWU\u015a i ZUS<\/li>\n<\/ul>\n<\/div>\n<\/div>\n\n\n\n<h2 class=\"wp-block-heading\">Wybierz system<\/h2>\n\n\n\n<p class=\"has-text-align-left\">odpowiedni dla wielko\u015bci Twojego biznesu<\/p>\n\n\n\n<div class=\"wp-block-columns is-layout-flex wp-container-core-columns-is-layout-9d6595d7 wp-block-columns-is-layout-flex\">\n<div class=\"wp-block-column is-layout-flow wp-block-column-is-layout-flow\">\n<figure class=\"wp-block-image size-full\"><a href=\"http:\/\/motronik.com.pl\/wp-content\/uploads\/2025\/10\/mikofirma_i_v2.png\"><img loading=\"lazy\" decoding=\"async\" width=\"160\" height=\"162\" src=\"http:\/\/motronik.com.pl\/wp-content\/uploads\/2025\/10\/mikofirma_i_v2.png\" alt=\"\" class=\"wp-image-786\"\/><\/a><\/figure>\n<\/div>\n\n\n\n<div class=\"wp-block-column is-layout-flow wp-block-column-is-layout-flow\">\n<figure class=\"wp-block-image size-full\"><a href=\"http:\/\/motronik.com.pl\/wp-content\/uploads\/2025\/10\/mala_firma_i_v2.png\"><img loading=\"lazy\" decoding=\"async\" width=\"160\" height=\"162\" src=\"http:\/\/motronik.com.pl\/wp-content\/uploads\/2025\/10\/mala_firma_i_v2.png\" alt=\"\" class=\"wp-image-785\"\/><\/a><\/figure>\n<\/div>\n<\/div>\n\n\n\n<div class=\"wp-block-columns is-layout-flex wp-container-core-columns-is-layout-9d6595d7 wp-block-columns-is-layout-flex\">\n<div class=\"wp-block-column is-layout-flow wp-block-column-is-layout-flow\">\n<h3 class=\"wp-block-heading\"><a href=\"https:\/\/www.insert.com.pl\/programy_dla_firm\/mikrofirmy.html\">mikrofirma<\/a><\/h3>\n\n\n\n<p>Programy wspieraj\u0105ce prac\u0119 najmniejszych firm: efektywn\u0105 sprzeda\u017c, prowadzenie dokumentacji czy obs\u0142ug\u0119 klient\u00f3w.<\/p>\n<\/div>\n\n\n\n<div class=\"wp-block-column is-layout-flow wp-block-column-is-layout-flow\">\n<h3 class=\"wp-block-heading\"><a href=\"https:\/\/www.insert.com.pl\/programy_dla_firm\/male_firmy.html\">ma\u0142a firma<\/a><\/h3>\n\n\n\n<p>Sprawdzone i niezawodne systemy, dzi\u0119ki kt\u00f3rym codzienne zarz\u0105dzanie ma\u0142\u0105 firm\u0105 staje si\u0119 znacznie \u0142atwiejsze.<\/p>\n\n\n\n<p><\/p>\n\n\n\n<p><\/p>\n\n\n\n<p><\/p>\n<\/div>\n<\/div>\n\n\n\n<div class=\"wp-block-columns is-layout-flex wp-container-core-columns-is-layout-9d6595d7 wp-block-columns-is-layout-flex\">\n<div class=\"wp-block-column is-layout-flow wp-block-column-is-layout-flow\">\n<figure class=\"wp-block-image size-full\"><a href=\"http:\/\/motronik.com.pl\/wp-content\/uploads\/2025\/10\/srednia_firma_i_v2.png\"><img loading=\"lazy\" decoding=\"async\" width=\"160\" height=\"162\" src=\"http:\/\/motronik.com.pl\/wp-content\/uploads\/2025\/10\/srednia_firma_i_v2.png\" alt=\"\" class=\"wp-image-789\"\/><\/a><\/figure>\n<\/div>\n\n\n\n<div class=\"wp-block-column is-layout-flow wp-block-column-is-layout-flow\">\n<figure class=\"wp-block-image size-full\"><a href=\"http:\/\/motronik.com.pl\/wp-content\/uploads\/2025\/10\/duza_firma_i_v2.png\"><img loading=\"lazy\" decoding=\"async\" width=\"160\" height=\"162\" src=\"http:\/\/motronik.com.pl\/wp-content\/uploads\/2025\/10\/duza_firma_i_v2.png\" alt=\"\" class=\"wp-image-782\"\/><\/a><\/figure>\n<\/div>\n<\/div>\n\n\n\n<div class=\"wp-block-columns is-layout-flex wp-container-core-columns-is-layout-9d6595d7 wp-block-columns-is-layout-flex\">\n<div class=\"wp-block-column is-layout-flow wp-block-column-is-layout-flow\">\n<h3 class=\"wp-block-heading\"><a href=\"https:\/\/www.insert.com.pl\/programy_dla_firm\/srednie_firmy.html\">\u015brednia firma<\/a><\/h3>\n\n\n\n<p>Nowoczesne, szybkie i \u0142atwe w obs\u0142udze programy, kt\u00f3re pomog\u0105 osi\u0105gn\u0105\u0107 sukces na konkurencyjnym rynku \u015brednich firm.<\/p>\n<\/div>\n\n\n\n<div class=\"wp-block-column is-layout-flow wp-block-column-is-layout-flow\">\n<h3 class=\"wp-block-heading\"><a href=\"https:\/\/www.insert.com.pl\/programy_dla_firm\/systemy-erp.html\">du\u017ca firma<\/a><\/h3>\n\n\n\n<p>Kompleksowy, elastyczny system ERP, kt\u00f3ry mo\u017cna w \u0142atwy spos\u00f3b dopasowa\u0107 do specyficznych potrzeb przedsi\u0119biorstwa.<\/p>\n<\/div>\n<\/div>\n\n\n\n<div class=\"wp-block-columns is-layout-flex wp-container-core-columns-is-layout-9d6595d7 wp-block-columns-is-layout-flex\">\n<div class=\"wp-block-column is-layout-flow wp-block-column-is-layout-flow\">\n<figure class=\"wp-block-image size-full\"><a href=\"http:\/\/motronik.com.pl\/wp-content\/uploads\/2025\/10\/biuro_rachunkowe_i.png\"><img loading=\"lazy\" decoding=\"async\" width=\"160\" height=\"161\" src=\"http:\/\/motronik.com.pl\/wp-content\/uploads\/2025\/10\/biuro_rachunkowe_i.png\" alt=\"\" class=\"wp-image-781\" srcset=\"https:\/\/motronik.com.pl\/wp-content\/uploads\/2025\/10\/biuro_rachunkowe_i.png 160w, https:\/\/motronik.com.pl\/wp-content\/uploads\/2025\/10\/biuro_rachunkowe_i-150x150.png 150w\" sizes=\"auto, (max-width: 160px) 100vw, 160px\" \/><\/a><\/figure>\n<\/div>\n\n\n\n<div class=\"wp-block-column is-layout-flow wp-block-column-is-layout-flow\">\n<figure class=\"wp-block-image size-full\"><a href=\"http:\/\/motronik.com.pl\/wp-content\/uploads\/2025\/10\/placowka_medyczna_i.png\"><img loading=\"lazy\" decoding=\"async\" width=\"160\" height=\"162\" src=\"http:\/\/motronik.com.pl\/wp-content\/uploads\/2025\/10\/placowka_medyczna_i.png\" alt=\"\" class=\"wp-image-788\"\/><\/a><\/figure>\n<\/div>\n<\/div>\n\n\n\n<div class=\"wp-block-columns is-layout-flex wp-container-core-columns-is-layout-9d6595d7 wp-block-columns-is-layout-flex\">\n<div class=\"wp-block-column is-layout-flow wp-block-column-is-layout-flow\">\n<h3 class=\"wp-block-heading\"><a href=\"https:\/\/www.insert.com.pl\/programy_dla_firm\/oferta_dla_biur_rachunkowych.html\">biuro rachunkowe<\/a><\/h3>\n\n\n\n<p>Systemy, kt\u00f3re z powodzeniem u\u0142atwiaj\u0105 prac\u0119 tysi\u0119cy biur rachunkowych w Polsce, zawsze dostosowane do bie\u017c\u0105cych przepis\u00f3w.<\/p>\n<\/div>\n\n\n\n<div class=\"wp-block-column is-layout-flow wp-block-column-is-layout-flow\">\n<h3 class=\"wp-block-heading\"><a href=\"https:\/\/lekarzplus.pl\/\" target=\"_blank\" rel=\"noreferrer noopener\">plac\u00f3wka medyczna<\/a><\/h3>\n\n\n\n<p>Program dla gabinet\u00f3w lekarskich, przychodni i klinik.<\/p>\n<\/div>\n<\/div>\n\n\n\n<p><\/p>\n","protected":false},"excerpt":{"rendered":"<p>Pobierz wersj\u0119 testow\u0105 programu 45 dni pe\u0142nej funkcjonalno\u015bci Poznaj najpopularniejsze programy dla firm w Polsce. Przygotowali\u015bmy dwie linie aplikacji na komputery stacjonarne. W obu znajdziesz systemy do obs\u0142ugi ka\u017cdego obszaru dzia\u0142alno\u015bci firmy. Wystarczy pobra\u0107 je i zainstalowa\u0107 na komputerze, by <a class=\"more-link\" href=\"https:\/\/motronik.com.pl\/index.php\/insert\/\">Czytaj wi\u0119cej&#8230;<\/a><\/p>\n","protected":false},"author":1,"featured_media":0,"parent":0,"menu_order":0,"comment_status":"closed","ping_status":"closed","template":"","meta":{"footnotes":""},"class_list":["post-794","page","type-page","status-publish","hentry"],"_links":{"self":[{"href":"https:\/\/motronik.com.pl\/index.php\/wp-json\/wp\/v2\/pages\/794","targetHints":{"allow":["GET"]}}],"collection":[{"href":"https:\/\/motronik.com.pl\/index.php\/wp-json\/wp\/v2\/pages"}],"about":[{"href":"https:\/\/motronik.com.pl\/index.php\/wp-json\/wp\/v2\/types\/page"}],"author":[{"embeddable":true,"href":"https:\/\/motronik.com.pl\/index.php\/wp-json\/wp\/v2\/users\/1"}],"replies":[{"embeddable":true,"href":"https:\/\/motronik.com.pl\/index.php\/wp-json\/wp\/v2\/comments?post=794"}],"version-history":[{"count":3,"href":"https:\/\/motronik.com.pl\/index.php\/wp-json\/wp\/v2\/pages\/794\/revisions"}],"predecessor-version":[{"id":801,"href":"https:\/\/motronik.com.pl\/index.php\/wp-json\/wp\/v2\/pages\/794\/revisions\/801"}],"wp:attachment":[{"href":"https:\/\/motronik.com.pl\/index.php\/wp-json\/wp\/v2\/media?parent=794"}],"curies":[{"name":"wp","href":"https:\/\/api.w.org\/{rel}","templated":true}]}}