{"id":803,"date":"2025-12-20T11:36:22","date_gmt":"2025-12-20T10:36:22","guid":{"rendered":"https:\/\/motronik.com.pl\/?page_id=803"},"modified":"2025-12-22T12:50:49","modified_gmt":"2025-12-22T11:50:49","slug":"subiekt-nexo","status":"publish","type":"page","link":"https:\/\/motronik.com.pl\/index.php\/insert\/subiekt-nexo\/","title":{"rendered":"Subiekt Nexo"},"content":{"rendered":"\n<figure class=\"wp-block-image size-full\"><a href=\"https:\/\/motronik.com.pl\/wp-content\/uploads\/2025\/12\/subiekt_nexo.png\"><img loading=\"lazy\" decoding=\"async\" width=\"430\" height=\"435\" src=\"https:\/\/motronik.com.pl\/wp-content\/uploads\/2025\/12\/subiekt_nexo.png\" alt=\"\" class=\"wp-image-804\" srcset=\"https:\/\/motronik.com.pl\/wp-content\/uploads\/2025\/12\/subiekt_nexo.png 430w, https:\/\/motronik.com.pl\/wp-content\/uploads\/2025\/12\/subiekt_nexo-297x300.png 297w\" sizes=\"auto, (max-width: 430px) 100vw, 430px\" \/><\/a><\/figure>\n\n\n\n<p><strong>Subiekt nexo<\/strong>&nbsp;to program kompleksowo wspomagaj\u0105cy obs\u0142ug\u0119 sprzeda\u017cy w ma\u0142ych i \u015brednich firmach \u2013 sklepach, hurtowniach, warsztatach, zak\u0142adach us\u0142ugowych itp. Przyjazny, intuicyjny interfejs u\u0142atwia i przyspiesza prac\u0119, a bogata funkcjonalno\u015b\u0107 zaspokoi potrzeby nowoczesnych przedsi\u0119biorc\u00f3w, bez wzgl\u0119du na bran\u017c\u0119.<\/p>\n\n\n\n<figure class=\"wp-block-image size-full\"><a href=\"http:\/\/motronik.com.pl\/wp-content\/uploads\/2025\/12\/obsluga_ksef.png\"><img loading=\"lazy\" decoding=\"async\" width=\"162\" height=\"33\" src=\"http:\/\/motronik.com.pl\/wp-content\/uploads\/2025\/12\/obsluga_ksef.png\" alt=\"\" class=\"wp-image-805\"\/><\/a><\/figure>\n\n\n\n<p>Subiekt nexo to&nbsp;<strong>nowoczesny program do sprzeda\u017cy z KSeF<\/strong>, kt\u00f3ry pozwala na b\u0142yskawiczne tworzenie, wysy\u0142anie i archiwizowanie faktur ustrukturyzowanych zgodnych z wymogami Ministerstwa Finans\u00f3w. Dzi\u0119ki pe\u0142nej integracji z Krajowym Systemem e-Faktur przedsi\u0119biorcy zyskuj\u0105 przejrzysto\u015b\u0107, bezpiecze\u0144stwo i kontrol\u0119 nad obiegiem dokument\u00f3w. &nbsp;<\/p>\n\n\n\n<p><strong>Subiekt nexo<\/strong>&nbsp;zapewnia obs\u0142ug\u0119 wszystkich typ\u00f3w dokument\u00f3w handlowych (szczeg\u00f3ln\u0105 zalet\u0105 jest zaawansowany system zam\u00f3wie\u0144) i sprawne zarz\u0105dzanie gospodark\u0105 magazynow\u0105. Posiada rozbudowan\u0105 cz\u0119\u015b\u0107 finansow\u0105, dzi\u0119ki kt\u00f3rej mo\u017cliwe jest m.in. wykonywanie operacji kasowych, bankowych czy tworzenie raport\u00f3w kasowych. Modu\u0142y rozliczeniowe umo\u017cliwiaj\u0105 ewidencjonowanie rozrachunk\u00f3w, dzia\u0142a\u0144 windykacyjnych i tabeli kurs\u00f3w walut. Kartotekowa cz\u0119\u015b\u0107 systemu pozwala prowadzi\u0107 zaawansowan\u0105 ewidencj\u0119 asortymentu, klient\u00f3w, urz\u0105dze\u0144 zewn\u0119trznych, instytucji, wsp\u00f3lnik\u00f3w i pracownik\u00f3w.<\/p>\n\n\n\n<p>Subiekt to od lat najcz\u0119\u015bciej wybierana przez polskich przedsi\u0119biorc\u00f3w marka systemu sprzeda\u017cy.&nbsp;<strong>Subiekt nexo<\/strong>&nbsp;jest kolejn\u0105 wersj\u0105 tego popularnego programu. Zosta\u0142 zaprojektowany ze szczeg\u00f3ln\u0105 dba\u0142o\u015bci\u0105 o wygod\u0119 u\u017cytkownika, dzi\u0119ki czemu prowadzenie biznesu staje si\u0119 prostsze.<\/p>\n\n\n\n<p><strong>Subiekt nexo<\/strong>&nbsp;jest cz\u0119\u015bci\u0105&nbsp;<strong>InsERT nexo<\/strong>&nbsp;\u2013 zintegrowanego pakietu, w kt\u00f3rego sk\u0142ad wchodz\u0105 r\u00f3wnie\u017c:&nbsp;<strong>Rachmistrz nexo&nbsp;<\/strong>(ksi\u0119ga przychod\u00f3w i rozchod\u00f3w oraz ewidencja podatku zrycza\u0142towanego),<strong>&nbsp;Rewizor nexo<\/strong>&nbsp;(system finansowo-ksi\u0119gowy),&nbsp;<strong>Gratyfikant nexo<\/strong>&nbsp;(system kadrowo-p\u0142acowy) oraz&nbsp;<strong>Gestor nexo<\/strong>&nbsp;(CRM).<\/p>\n\n\n\n<p><\/p>\n\n\n\n<h2 class=\"wp-block-heading\">Najwa\u017cniejsze mo\u017cliwo\u015bci Subiekta nexo<\/h2>\n\n\n\n<p>Program zapewnia szeroki zakres funkcjonalno\u015bci, kt\u00f3re usprawniaj\u0105 codzienne operacje biznesowe:&nbsp;<\/p>\n\n\n\n<ul class=\"wp-block-list\">\n<li><strong>Obs\u0142uga sprzeda\u017cy<\/strong>: Umo\u017cliwia wystawianie i obs\u0142ug\u0119 wszystkich typ\u00f3w dokument\u00f3w handlowych, w tym zaawansowany system zam\u00f3wie\u0144.<\/li>\n\n\n\n<li><strong>Gospodarka magazynowa<\/strong>: Pozwala na sprawne zarz\u0105dzanie stanami magazynowymi i prowadzenie rozbudowanej ewidencji asortymentu.<\/li>\n\n\n\n<li><strong>Finanse<\/strong>: Oferuje modu\u0142y do wykonywania operacji kasowych, bankowych, tworzenia raport\u00f3w kasowych oraz ewidencjonowania rozrachunk\u00f3w i dzia\u0142a\u0144 windykacyjnych.<\/li>\n\n\n\n<li><strong>Integracja<\/strong>: Jest w pe\u0142ni zintegrowany z innymi programami z linii InsERT nexo, takimi jak Rachmistrz nexo (ksi\u0119gowo\u015b\u0107), Rewizor nexo (finanse i ksi\u0119gowo\u015b\u0107), Gratyfikant nexo (kadry i p\u0142ace) oraz Gestor nexo (CRM).<\/li>\n\n\n\n<li><strong>KSeF<\/strong>: Program jest gotowy na obs\u0142ug\u0119 Krajowego Systemu e-Faktur.<\/li>\n\n\n\n<li><strong>Intuicyjny interfejs<\/strong>: Zosta\u0142 zaprojektowany z my\u015bl\u0105 o wygodzie u\u017cytkownika, oferuj\u0105c przyjazny i intuicyjny interfejs, kt\u00f3ry przyspiesza prac\u0119.\u00a0<\/li>\n<\/ul>\n\n\n\n<p>Wersja\u00a0<strong>Subiekt nexo PRO<\/strong>\u00a0oferuje dodatkowe mo\u017cliwo\u015bci, takie jak Sfera (do tworzenia w\u0142asnych rozwi\u0105za\u0144), zaawansowane pola w\u0142asne, czy definiowanie w\u0142asnych raport\u00f3w.\u00a0<\/p>\n","protected":false},"excerpt":{"rendered":"<p>Subiekt nexo&nbsp;to program kompleksowo wspomagaj\u0105cy obs\u0142ug\u0119 sprzeda\u017cy w ma\u0142ych i \u015brednich firmach \u2013 sklepach, hurtowniach, warsztatach, zak\u0142adach us\u0142ugowych itp. Przyjazny, intuicyjny interfejs u\u0142atwia i przyspiesza prac\u0119, a bogata funkcjonalno\u015b\u0107 zaspokoi potrzeby nowoczesnych przedsi\u0119biorc\u00f3w, bez wzgl\u0119du na bran\u017c\u0119. Subiekt nexo to&nbsp;nowoczesny <a class=\"more-link\" href=\"https:\/\/motronik.com.pl\/index.php\/insert\/subiekt-nexo\/\">Czytaj wi\u0119cej&#8230;<\/a><\/p>\n","protected":false},"author":1,"featured_media":0,"parent":794,"menu_order":0,"comment_status":"closed","ping_status":"closed","template":"","meta":{"footnotes":""},"class_list":["post-803","page","type-page","status-publish","hentry"],"_links":{"self":[{"href":"https:\/\/motronik.com.pl\/index.php\/wp-json\/wp\/v2\/pages\/803","targetHints":{"allow":["GET"]}}],"collection":[{"href":"https:\/\/motronik.com.pl\/index.php\/wp-json\/wp\/v2\/pages"}],"about":[{"href":"https:\/\/motronik.com.pl\/index.php\/wp-json\/wp\/v2\/types\/page"}],"author":[{"embeddable":true,"href":"https:\/\/motronik.com.pl\/index.php\/wp-json\/wp\/v2\/users\/1"}],"replies":[{"embeddable":true,"href":"https:\/\/motronik.com.pl\/index.php\/wp-json\/wp\/v2\/comments?post=803"}],"version-history":[{"count":2,"href":"https:\/\/motronik.com.pl\/index.php\/wp-json\/wp\/v2\/pages\/803\/revisions"}],"predecessor-version":[{"id":813,"href":"https:\/\/motronik.com.pl\/index.php\/wp-json\/wp\/v2\/pages\/803\/revisions\/813"}],"up":[{"embeddable":true,"href":"https:\/\/motronik.com.pl\/index.php\/wp-json\/wp\/v2\/pages\/794"}],"wp:attachment":[{"href":"https:\/\/motronik.com.pl\/index.php\/wp-json\/wp\/v2\/media?parent=803"}],"curies":[{"name":"wp","href":"https:\/\/api.w.org\/{rel}","templated":true}]}}