{"id":815,"date":"2025-12-29T18:18:39","date_gmt":"2025-12-29T17:18:39","guid":{"rendered":"https:\/\/motronik.com.pl\/?page_id=815"},"modified":"2025-12-29T18:19:39","modified_gmt":"2025-12-29T17:19:39","slug":"subiekt-123","status":"publish","type":"page","link":"https:\/\/motronik.com.pl\/index.php\/insert\/subiekt-123\/","title":{"rendered":"Subiekt 123"},"content":{"rendered":"\n<figure class=\"wp-block-image size-large is-resized\"><a href=\"https:\/\/motronik.com.pl\/wp-content\/uploads\/2025\/12\/SUBIEKT123.jpg\"><img loading=\"lazy\" decoding=\"async\" width=\"1024\" height=\"683\" src=\"https:\/\/motronik.com.pl\/wp-content\/uploads\/2025\/12\/SUBIEKT123-1024x683.jpg\" alt=\"\" class=\"wp-image-816\" style=\"width:501px;height:auto\" srcset=\"https:\/\/motronik.com.pl\/wp-content\/uploads\/2025\/12\/SUBIEKT123-1024x683.jpg 1024w, https:\/\/motronik.com.pl\/wp-content\/uploads\/2025\/12\/SUBIEKT123-300x200.jpg 300w, https:\/\/motronik.com.pl\/wp-content\/uploads\/2025\/12\/SUBIEKT123-768x512.jpg 768w, https:\/\/motronik.com.pl\/wp-content\/uploads\/2025\/12\/SUBIEKT123.jpg 1050w\" sizes=\"auto, (max-width: 1024px) 100vw, 1024px\" \/><\/a><\/figure>\n\n\n\n<figure class=\"wp-block-image size-full\"><a href=\"http:\/\/motronik.com.pl\/wp-content\/uploads\/2025\/12\/obsluga_ksef.png\"><img loading=\"lazy\" decoding=\"async\" width=\"162\" height=\"33\" src=\"http:\/\/motronik.com.pl\/wp-content\/uploads\/2025\/12\/obsluga_ksef.png\" alt=\"\" class=\"wp-image-805\"\/><\/a><\/figure>\n\n\n\n<p><strong>Subiekt 123 to przyjazny i \u0142atwy w obs\u0142udze<\/strong> system do fakturowania on-line, zarz\u0105dzania informacjami o klientach oraz rozliczania us\u0142ug i towar\u00f3w. Jest przystosowany do obs\u0142ugi<strong> JPK<\/strong>. Jest to aplikacja dla firm poszukuj\u0105cych <strong>prostego i intuicyjnego narz\u0119dzia<\/strong> do zarz\u0105dzania sprzeda\u017c\u0105 bez zarz\u0105dzania zapasami. Jest zintegrowany z programem ksi\u0119gowym <strong>InsERT nexo<\/strong>, co pozwala na ci\u0105g\u0142e przesy\u0142anie dokument\u00f3w do biura rachunkowego. Jest skonstruowany w taki spos\u00f3b, \u017ce mo\u017cesz samodzielnie decydowa\u0107 o dodawaniu kolejnych modu\u0142\u00f3w w miar\u0119 rozwoju biznesu. Mo\u017cesz z nim pracowa\u0107 w dowolnym miejscu \u2013 <strong>wystarczy dost\u0119p do Internetu<\/strong>.<\/p>\n\n\n\n<p>Wystawienie faktury lub paragonu zajmuje tylko <strong>kilkadziesi\u0105t sekund<\/strong>. Korzystasz z gotowych danych klienta oraz listy produkt\u00f3w wprowadzonej wcze\u015bniej do aplikacji. Mo\u017cesz wybra\u0107 spos\u00f3b i termin p\u0142atno\u015bci. Alternatywnie mo\u017cesz okre\u015bli\u0107 odwrotne obci\u0105\u017cenie. Mo\u017cesz <strong>\u0142atwo tworzy\u0107 pliki PDF<\/strong> dla publikowanych dokument\u00f3w i wysy\u0142a\u0107 je bezpo\u015brednio do swoich klient\u00f3w. W razie potrzeby mo\u017cesz je r\u00f3wnie\u017c poprawi\u0107.<\/p>\n\n\n\n<p>Wystawianie dokument\u00f3w w walucie obcej jeszcze nigdy nie by\u0142o takie proste. <strong>Subiekt 123 <\/strong>obs\u0142uguje <strong>wewn\u0105trzwsp\u00f3lnotow\u0105 dostaw\u0119 towar\u00f3w<\/strong> (WNT) oraz <strong>eksport towar\u00f3w<\/strong>. Program automatycznie pobiera <strong>aktualny kurs wymiany<\/strong>. Istnieje r\u00f3wnie\u017c mo\u017cliwo\u015b\u0107 drukowania <strong>faktur dwuj\u0119zycznych<\/strong>: polsko-angielskiej i polsko-niemieckiej.<\/p>\n\n\n\n<p>Informacje o kliencie s\u0105 <strong>zawsze pod r\u0119k\u0105<\/strong>. Mo\u017cesz je <strong>\u0142atwo dodawa\u0107, edytowa\u0107 i usuwa\u0107<\/strong>. Mo\u017cesz <strong>szybko pobra\u0107 informacje<\/strong> o klientach z bazy danych GUS &#8211; w ten spos\u00f3b mo\u017cesz szybko znale\u017a\u0107 informacje o firmach, z kt\u00f3rymi wsp\u00f3\u0142pracujesz. Dane kontaktowe, numer konta bankowego, termin p\u0142atno\u015bci, wysoko\u015b\u0107 rabatu, opis klienta \u2013 to tylko cz\u0119\u015b\u0107 informacji, kt\u00f3re <strong>Subiekt 123 <\/strong>dostarcza Ci w codziennej pracy.<\/p>\n\n\n\n<p>Zarz\u0105dzaj swoj\u0105 firm\u0105 <strong>intuicyjnie i sprawnie<\/strong>. Aplikacja umo\u017cliwia <strong>sporz\u0105dzanie zestawie\u0144<\/strong> takich jak bilans, sprzeda\u017c wg okresu, sprzeda\u017c wg klienta, sprzeda\u017c wg produktu oraz zaleg\u0142e p\u0142atno\u015bci. Dane mo\u017cna eksportowa\u0107 do plik\u00f3w <strong>CSV i PDF<\/strong>.<\/p>\n\n\n\n<p>Aplikacja jest <strong>dostosowana i gotowa do obs\u0142ugi JPK<\/strong>. Umo\u017cliwia tworzenie plik\u00f3w JPK_VAT (jednolity plik kontrolny dla ewidencji VAT) oraz JPK_FA (jednolity plik kontrolny dla faktur VAT).<\/p>\n\n\n\n<p><strong>Subiekt 123<\/strong> obs\u0142uguje zar\u00f3wno firmy prowadz\u0105ce sprzeda\u017c do jednostek samorz\u0105du terytorialnego, jak i firmy reprezentuj\u0105ce jednostki <strong>samorz\u0105du terytorialnego<\/strong>. Firmy sprzedaj\u0105ce do jednostek komunalnych mog\u0105 <strong>\u0142atwo przypisa\u0107 innego nabywc\u0119 i odbiorc\u0119<\/strong> do wystawionego dokumentu. Je\u015bli reprezentujesz gmin\u0119, mo\u017cesz ustawi\u0107 nadrz\u0119dn\u0105 gmin\u0119 jako dostawc\u0119 faktur, aby Twoja firma by\u0142a widoczna jako nadawca faktur.<\/p>\n\n\n\n<p>Nie musisz pami\u0119ta\u0107, kiedy nale\u017cna jest sk\u0142adka ubezpieczeniowa lub kiedy nale\u017cy uregulowa\u0107 rachunki klienta. Wystarczy, \u017ce pracuj\u0105c z programem poprawnie <strong>zdefiniujesz parametry dzia\u0142ania firmy<\/strong> (np. spos\u00f3b p\u0142acenia podatk\u00f3w) czy <strong>terminy p\u0142atno\u015bci<\/strong> &#8211; nale\u017cno\u015bci w\u0142asne i klient\u00f3w. Aplikacja pokazuje <strong>w\u0142a\u015bciwe informacje we w\u0142a\u015bciwym czasie<\/strong>.<\/p>\n\n\n\n<p><strong>Pulpit<\/strong> to centrum szybkiej akcji. Skr\u00f3ty mo\u017cna umie\u015bci\u0107 w dokumentach wystawianych <strong>cz\u0119sto obs\u0142ugiwanemu klientowi<\/strong>, dzi\u0119ki czemu nie trzeba go ka\u017cdorazowo szuka\u0107 na li\u015bcie. Mo\u017cesz tak\u017ce doda\u0107 og\u00f3lny skr\u00f3t, aby utworzy\u0107 <strong>paragon lub faktur\u0119<\/strong>. Dzi\u0119ki temu Twoja praca b\u0119dzie <strong>szybsza i przyjemniejsza<\/strong>.<\/p>\n\n\n\n<p><strong>iskalizacja: <\/strong>Z Subiektem 123 mo\u017cesz swobodnie drukowa\u0107 paragony na drukarce fiskalnej. Wystarczy zainstalowa\u0107 Serwer Urz\u0105dze\u0144 Zewn\u0119trznych, czyli nasz sprawdzony program, dzi\u0119ki kt\u00f3remu mo\u017cliwa jest praca m.in. z drukarkami fiskalnymi.<br><strong>U\u017cytkownik+:<\/strong> Z aplikacji mo\u017ce korzysta\u0107 trzech dodatkowych pracownik\u00f3w tej samej firmy \u2013 ka\u017cdy z nich loguje si\u0119 na swoje indywidualne konto. Dzi\u0119ki temu wiadomo, kto wystawi\u0142 dany dokument.<\/p>\n\n\n\n<p><\/p>\n","protected":false},"excerpt":{"rendered":"<p>Subiekt 123 to przyjazny i \u0142atwy w obs\u0142udze system do fakturowania on-line, zarz\u0105dzania informacjami o klientach oraz rozliczania us\u0142ug i towar\u00f3w. Jest przystosowany do obs\u0142ugi JPK. Jest to aplikacja dla firm poszukuj\u0105cych prostego i intuicyjnego narz\u0119dzia do zarz\u0105dzania sprzeda\u017c\u0105 bez <a class=\"more-link\" href=\"https:\/\/motronik.com.pl\/index.php\/insert\/subiekt-123\/\">Czytaj wi\u0119cej&#8230;<\/a><\/p>\n","protected":false},"author":1,"featured_media":0,"parent":794,"menu_order":0,"comment_status":"closed","ping_status":"closed","template":"","meta":{"footnotes":""},"class_list":["post-815","page","type-page","status-publish","hentry"],"_links":{"self":[{"href":"https:\/\/motronik.com.pl\/index.php\/wp-json\/wp\/v2\/pages\/815","targetHints":{"allow":["GET"]}}],"collection":[{"href":"https:\/\/motronik.com.pl\/index.php\/wp-json\/wp\/v2\/pages"}],"about":[{"href":"https:\/\/motronik.com.pl\/index.php\/wp-json\/wp\/v2\/types\/page"}],"author":[{"embeddable":true,"href":"https:\/\/motronik.com.pl\/index.php\/wp-json\/wp\/v2\/users\/1"}],"replies":[{"embeddable":true,"href":"https:\/\/motronik.com.pl\/index.php\/wp-json\/wp\/v2\/comments?post=815"}],"version-history":[{"count":1,"href":"https:\/\/motronik.com.pl\/index.php\/wp-json\/wp\/v2\/pages\/815\/revisions"}],"predecessor-version":[{"id":817,"href":"https:\/\/motronik.com.pl\/index.php\/wp-json\/wp\/v2\/pages\/815\/revisions\/817"}],"up":[{"embeddable":true,"href":"https:\/\/motronik.com.pl\/index.php\/wp-json\/wp\/v2\/pages\/794"}],"wp:attachment":[{"href":"https:\/\/motronik.com.pl\/index.php\/wp-json\/wp\/v2\/media?parent=815"}],"curies":[{"name":"wp","href":"https:\/\/api.w.org\/{rel}","templated":true}]}}